{"id":2501,"date":"2024-08-08T04:20:13","date_gmt":"2024-08-08T04:20:13","guid":{"rendered":"http:\/\/ienet-demo.local\/?page_id=2"},"modified":"2026-03-16T17:32:44","modified_gmt":"2026-03-16T17:32:44","slug":"replay","status":"publish","type":"page","link":"https:\/\/ntvlive.net\/en\/replay\/","title":{"rendered":"Replay"},"content":{"rendered":"<div data-elementor-type=\"wp-page\" data-elementor-id=\"2501\" class=\"elementor elementor-2501\">\n\t\t\t\t<div class=\"elementor-element elementor-element-6941a0b9 e-flex e-con-boxed e-con e-parent\" data-id=\"6941a0b9\" data-element_type=\"container\" data-e-type=\"container\">\n\t\t\t\t\t<div class=\"e-con-inner\">\n\t\t\t\t<div class=\"elementor-element elementor-element-7116fd97 elementor-widget elementor-widget-text-editor\" data-id=\"7116fd97\" data-element_type=\"widget\" data-e-type=\"widget\" data-widget_type=\"text-editor.default\">\n\t\t\t\t\t\t\t\t\t\n<div style=\"height:271px\" aria-hidden=\"true\" class=\"wp-block-spacer\"><\/div>\n\t\t\t\t\t\t\t\t<\/div>\n\t\t\t\t\t<\/div>\n\t\t\t\t<\/div>\n\t\t<div class=\"elementor-element elementor-element-2b126a9 e-flex e-con-boxed e-con e-parent\" data-id=\"2b126a9\" data-element_type=\"container\" data-e-type=\"container\">\n\t\t\t\t\t<div class=\"e-con-inner\">\n\t\t\t\t<div class=\"elementor-element elementor-element-aa87679 elementor-widget elementor-widget-shortcode\" data-id=\"aa87679\" data-element_type=\"widget\" data-e-type=\"widget\" data-widget_type=\"shortcode.default\">\n\t\t\t\t\t\t\t<div class=\"elementor-shortcode\"><script>\t\tjQuery(function() {\t\t\t\t\tjQuery(\"#universal_video_player_1\").universal_video_player({\t\t\t\t\t\tskin:\"blackControllers\",\t\t\t\t\t\twidth:980,\t\t\t\t\t\theight:399,\t\t\t\t\t\tresponsive:true,\t\t\t\t\t\tresponsiveRelativeToBrowser:true,\t\t\t\t\t\tcenterPlayer:true,\t\t\t\t\t\tshuffle:false,\t\t\t\t\t\tfirstVideo:0,\t\t\t\t\t\tinitialVolume:1,\t\t\t\t\t\tloop:true,\t\t\t\t\t\tshowCategs:true,\t\t\t\t\t\tshowSearch:true,\t\t\t\t\t\tshowTopTitle:true,\t\t\t\t\t\tshowTimer:true,\t\t\t\t\t\tshowRewindBut:true,\t\t\t\t\t\tshowPlayBut:true,\t\t\t\t\t\tshowVolumeBut:true,\t\t\t\t\t\tshowFacebookBut:true,\t\t\t\t\t\tfacebookAppID:\"\",\t\t\t\t\t\tfacebookShareTitle:\"Universal Video Player\",\t\t\t\t\t\tfacebookShareDescription:\"A top-notch responsive HTML5 Video Player compatible with all major browsers and mobile devices.\",\t\t\t\t\t\tshowTwitterBut:true,\t\t\t\t\t\tshowInfoBut:true,\t\t\t\t\t\tshowDownloadBut:true,\t\t\t\t\t\tshowPlaylistBut:true,\t\t\t\t\t\tshowFullscreenBut:true,\t\t\t\t\t\tshowShuffleBut:true,\t\t\t\t\t\tshowNextPrevBut:true,\t\t\t\t\t\tborderColor:\"#4a4a4a\",\t\t\t\t\t\tplaylistWidth:282,\t\t\t\t\t\tpathToDownloadFile:\"https:\/\/ntvlive.net\/wp-content\/plugins\/universal_video_player\/universal_video_player\/\",\t\t\t\t\t\tabsUrl:\"https:\/\/ntvlive.net\/wp-content\/plugins\/universal_video_player\/universal_video_player\/\",\t\t\t\t\t\tsuggestedQuality:\"hd720\",\t\t\t\t\t\tcontrolsBgFullScreenColor:\"#000000\",\t\t\t\t\t\tplaylistScrollerBgColorOFF:\"#CCCCCC\",\t\t\t\t\t\tplaylistScrollerBgColorON:\"#FFFFFF\",\t\t\t\t\t\tnumberOfThumbsPerScreen:0,\t\t\t\t\t\tlogoImagePath:\"\",\t\t\t\t\t\tlogoLink:\"https:\/\/codecanyon.net\/user\/LambertGroup?ref=LambertGroup\",\t\t\t\t\t\tlogoTarget:\"true\",\t\t\t\t\t\tshowLogo:true,\t\t\t\t\t\tautoPlayFirstVideo:true,\t\t\t\t\t\tautoPlayOnMobile:false,\t\t\t\t\t\tadvanceToNextVideo:true,\t\t\t\t\t\tplaylistRecordShowImg:true,\t\t\t\t\t\tplaylistRecordShowTitle:true,\t\t\t\t\t\tplaylistRecordShowDesc:true,\t\t\t\t\t\tplaylistRecordHeight:89,\t\t\t\t\t\tplaylistRecordPadding:10,\t\t\t\t\t\tplaylistTitleFontSize:15,\t\t\t\t\t\tplaylistTitleLineHeight:15,\t\t\t\t\t\tplaylistDescFontSize:12,\t\t\t\t\t\tplaylistDescLineHeight:15,\t\t\t\t\t\tplaylistRecordBgOffColor:\"#eeeeee\",\t\t\t\t\t\tplaylistRecordTitleOffColor:\"#333333\",\t\t\t\t\t\tplaylistRecordDescOffColor:\"#333333\",\t\t\t\t\t\tplaylistRecordBgOffImgOpacity:100,\t\t\t\t\t\tplaylistRecordBgOnColor:\"#de1a21\",\t\t\t\t\t\tplaylistRecordTitleOnColor:\"#FFFFFF\",\t\t\t\t\t\tplaylistRecordDescOnColor:\"#FFFFFF\",\t\t\t\t\t\tplaylistRecordBgOnImgOpacity:100,\t\t\t\t\t\tplaylistBgColor:\"#4a4a4a\",\t\t\t\t\t\tplaylistRecordTitleLimit:22,\t\t\t\t\t\tplaylistRecordDescLimit:84,\t\t\t\t\t\tshowPlaylistOnInit:true,\t\t\t\t\t\tcategoryRecordBgOffColor:\"#000000\",\t\t\t\t\t\tcategoryRecordBgOnColor:\"#252525\",\t\t\t\t\t\tcategoryRecordBottomBorderOffColor:\"#333333\",\t\t\t\t\t\tcategoryRecordBottomBorderOnColor:\"#333333\",\t\t\t\t\t\tcategoryRecordTextOffColor:\"#4c4c4c\",\t\t\t\t\t\tcategoryRecordTextOnColor:\"#de1a21\",\t\t\t\t\t\tfirstCateg:\"\",\t\t\t\t\t\tselectedCategBg:\"transparent\",\t\t\t\t\t\tselectedCategOffColor:\"#FFFFFF\",\t\t\t\t\t\tselectedCategOnColor:\"#de1a28\",\t\t\t\t\t\tsearchAreaBg:\"transparent\",\t\t\t\t\t\tsearchInputText:\"search...\",\t\t\t\t\t\tsearchInputBg:\"#cccccc\",\t\t\t\t\t\tsearchInputBorderColor:\"#4a4a4a\",\t\t\t\t\t\tsearchInputTextColor:\"#333333\",\t\t\t\t\t\ttopTitleColor:\"#FFFFFF\",\t\t\t\t\t\ttimerColor:\"#FFFFFF\",\t\t\t\t\t\tbufferEmptyColor:\"#929292\",\t\t\t\t\t\tbufferFullColor:\"#333333\",\t\t\t\t\t\tseekbarColor:\"#FFFFFF\",\t\t\t\t\t\tvolumeOffColor:\"#454545\",\t\t\t\t\t\tvolumeOnColor:\"#FFFFFF\",\t\t\t\t\t\tplayButColorOff:\"#de1a21\",\t\t\t\t\t\tplayButColorOn:\"#de1a21\",\t\t\t\t\t\tgoogleTrakingOn:true,\t\t\t\t\t\tgoogleTrakingCode:\"\",\t\t\t\t\t\tgetYouTubeData:true,\t\t\t\t\t\tpathToAjaxFiles:\"https:\/\/ntvlive.net\/wp-content\/plugins\/universal_video_player\/universal_video_player\/\",\t\t\t\t\t\torigThumbImgW:69,\t\t\t\t\t\torigThumbImgH:69,\t\t\t\t\t\tbottomPlaylistWidth:650\t\t\t\t\t});\t\t});\t<\/script>    <div id=\"universal_video_player_1\" style=\"display:none;\">            <ul class=\"universal_video_player_list\"><li data-bottom-thumb=\"https:\/\/ntvlive.net\/wp-content\/uploads\/2026\/01\/IMG_0367_lwsoptimized.webp\"\t\t\t\t\t\t\tdata-title=\"La GRANDE PALABRE DU 10\/02\/2026\"\t\t\t\t\t\t\tdata-desc=\"SUIVEZ NOTRE TOUTE 1ERE EDITION DU 10-12, LA GRANDE PALABRE..\"\t\t\t\t\t\t\tdata-youtube=\"0gcJCcUKAYcqIYzv\"\t\t\t\t\t\t\tdata-vimeo=\"\"\t\t\t\t\t\t\tdata-selfhostedmp4=\"\"\t\t\t\t\t\t\tdata-selfhostedwebm=\"\"\t\t\t\t\t\t\tdata-startpoint=\"\"\t\t\t\t\t\t\tdata-endpoint=\"\"\t\t\t\t\t\t\tdata-category=\"La GRANDE PALABRE\">\t\t\t\t\t   <\/li><li data-bottom-thumb=\"\"\t\t\t\t\t\t\tdata-title=\"LA GRANDE PALABRE DU 05\/03\/2026\"\t\t\t\t\t\t\tdata-desc=\"FEMME FORTES ET IND\u00c9PENDANTES, POURQUOI \u00c7A D\u00c9RANGE ?\"\t\t\t\t\t\t\tdata-youtube=\"qWrLHOc8wTU\"\t\t\t\t\t\t\tdata-vimeo=\"\"\t\t\t\t\t\t\tdata-selfhostedmp4=\"\"\t\t\t\t\t\t\tdata-selfhostedwebm=\"\"\t\t\t\t\t\t\tdata-startpoint=\"\"\t\t\t\t\t\t\tdata-endpoint=\"\"\t\t\t\t\t\t\tdata-category=\"La GRANDE PALABRE\">\t\t\t\t\t   <\/li><li data-bottom-thumb=\"\"\t\t\t\t\t\t\tdata-title=\"Le Journal de 20H du 14-03-226\"\t\t\t\t\t\t\tdata-desc=\"\"\t\t\t\t\t\t\tdata-youtube=\"aZrhBHPPK-w\"\t\t\t\t\t\t\tdata-vimeo=\"\"\t\t\t\t\t\t\tdata-selfhostedmp4=\"\"\t\t\t\t\t\t\tdata-selfhostedwebm=\"\"\t\t\t\t\t\t\tdata-startpoint=\"\"\t\t\t\t\t\t\tdata-endpoint=\"\"\t\t\t\t\t\t\tdata-category=\"Le JOURNAL TELEVIS\u00c9 BILINGUE\">\t\t\t\t\t   <\/li><\/ul>    <\/div><br style=\"clear:both;\"><\/div>\n\t\t\t\t\t\t<\/div>\n\t\t\t\t\t<\/div>\n\t\t\t\t<\/div>\n\t\t\t\t<\/div>","protected":false},"excerpt":{"rendered":"","protected":false},"author":1,"featured_media":3545,"parent":0,"menu_order":0,"comment_status":"closed","ping_status":"closed","template":"elementor_header_footer","meta":{"_analytify_skip_tracking":false,"footnotes":""},"class_list":["post-2501","page","type-page","status-publish","has-post-thumbnail","hentry"],"yoast_head":"<!-- This site is optimized with the Yoast SEO Premium plugin v26.7 (Yoast SEO v26.8) - https:\/\/yoast.com\/product\/yoast-seo-premium-wordpress\/ -->\n<title>Replay NTv \u2013 Revoir les \u00e9missions &amp; vid\u00e9os du Cameroun<\/title>\n<meta name=\"description\" content=\"Retrouvez les replays de NTv (N\u00e9otempra Television) : \u00e9missions, reportages, interviews et moments forts. Revivez la vie des Camerounais d\u2019ici et d\u2019ailleurs en vid\u00e9o.\" \/>\n<meta name=\"robots\" content=\"index, follow, max-snippet:-1, max-image-preview:large, max-video-preview:-1\" \/>\n<link rel=\"canonical\" href=\"https:\/\/ntvlive.net\/en\/replay\/\" \/>\n<meta property=\"og:locale\" content=\"en_US\" \/>\n<meta property=\"og:type\" content=\"article\" \/>\n<meta property=\"og:title\" content=\"Replay NTv \u2013 Revoir les \u00e9missions &amp; vid\u00e9os du Cameroun\" \/>\n<meta property=\"og:description\" content=\"Replays NTv : \u00e9missions, reportages, interviews et vid\u00e9os du Cameroun. NTv, la vie des Camerounais d\u2019ici et d\u2019ailleurs.\" \/>\n<meta property=\"og:url\" content=\"https:\/\/ntvlive.net\/en\/replay\/\" \/>\n<meta property=\"og:site_name\" content=\"NTV\" \/>\n<meta property=\"article:modified_time\" content=\"2026-03-16T17:32:44+00:00\" \/>\n<meta property=\"og:image\" content=\"https:\/\/ntvlive.net\/wp-content\/uploads\/2026\/01\/Image2-scaled.png\" \/>\n\t<meta property=\"og:image:width\" content=\"1602\" \/>\n\t<meta property=\"og:image:height\" content=\"2560\" \/>\n\t<meta property=\"og:image:type\" content=\"image\/png\" \/>\n<meta name=\"twitter:card\" content=\"summary_large_image\" \/>\n<meta name=\"twitter:title\" content=\"Replay NTv \u2013 Revoir les \u00e9missions &amp; vid\u00e9os du Cameroun\" \/>\n<meta name=\"twitter:description\" content=\"Replays NTv : \u00e9missions, reportages, interviews et vid\u00e9os du Cameroun. NTv, la vie des Camerounais d\u2019ici et d\u2019ailleurs.\" \/>\n<script type=\"application\/ld+json\" class=\"yoast-schema-graph\">{\"@context\":\"https:\/\/schema.org\",\"@graph\":[{\"@type\":\"WebPage\",\"@id\":\"https:\/\/ntvlive.net\/replay\/\",\"url\":\"https:\/\/ntvlive.net\/replay\/\",\"name\":\"Replay NTv \u2013 Revoir les \u00e9missions & vid\u00e9os du Cameroun\",\"isPartOf\":{\"@id\":\"https:\/\/ntvlive.net\/#website\"},\"primaryImageOfPage\":{\"@id\":\"https:\/\/ntvlive.net\/replay\/#primaryimage\"},\"image\":{\"@id\":\"https:\/\/ntvlive.net\/replay\/#primaryimage\"},\"thumbnailUrl\":\"https:\/\/ntvlive.net\/wp-content\/uploads\/2026\/01\/Image2-scaled.png\",\"datePublished\":\"2024-08-08T04:20:13+00:00\",\"dateModified\":\"2026-03-16T17:32:44+00:00\",\"description\":\"Retrouvez les replays de NTv (N\u00e9otempra Television) : \u00e9missions, reportages, interviews et moments forts. Revivez la vie des Camerounais d\u2019ici et d\u2019ailleurs en vid\u00e9o.\",\"breadcrumb\":{\"@id\":\"https:\/\/ntvlive.net\/replay\/#breadcrumb\"},\"inLanguage\":\"en-US\",\"potentialAction\":[{\"@type\":\"ReadAction\",\"target\":[\"https:\/\/ntvlive.net\/replay\/\"]}]},{\"@type\":\"ImageObject\",\"inLanguage\":\"en-US\",\"@id\":\"https:\/\/ntvlive.net\/replay\/#primaryimage\",\"url\":\"https:\/\/ntvlive.net\/wp-content\/uploads\/2026\/01\/Image2-scaled.png\",\"contentUrl\":\"https:\/\/ntvlive.net\/wp-content\/uploads\/2026\/01\/Image2-scaled.png\",\"width\":1602,\"height\":2560},{\"@type\":\"BreadcrumbList\",\"@id\":\"https:\/\/ntvlive.net\/replay\/#breadcrumb\",\"itemListElement\":[{\"@type\":\"ListItem\",\"position\":1,\"name\":\"Accueil\",\"item\":\"https:\/\/ntvlive.net\/\"},{\"@type\":\"ListItem\",\"position\":2,\"name\":\"Replay\"}]},{\"@type\":\"WebSite\",\"@id\":\"https:\/\/ntvlive.net\/#website\",\"url\":\"https:\/\/ntvlive.net\/\",\"name\":\"NTV\",\"description\":\"La Voix des Camerounais d\u2019ici et d&#039;ailleurs\",\"publisher\":{\"@id\":\"https:\/\/ntvlive.net\/#organization\"},\"potentialAction\":[{\"@type\":\"SearchAction\",\"target\":{\"@type\":\"EntryPoint\",\"urlTemplate\":\"https:\/\/ntvlive.net\/?s={search_term_string}\"},\"query-input\":{\"@type\":\"PropertyValueSpecification\",\"valueRequired\":true,\"valueName\":\"search_term_string\"}}],\"inLanguage\":\"en-US\"},{\"@type\":\"Organization\",\"@id\":\"https:\/\/ntvlive.net\/#organization\",\"name\":\"NTV\",\"url\":\"https:\/\/ntvlive.net\/\",\"logo\":{\"@type\":\"ImageObject\",\"inLanguage\":\"en-US\",\"@id\":\"https:\/\/ntvlive.net\/#\/schema\/logo\/image\/\",\"url\":\"https:\/\/ntvlive.net\/wp-content\/uploads\/2026\/01\/cropped-Logo-NTV-3_Plan-de-travail-1-copie-2.avif\",\"contentUrl\":\"https:\/\/ntvlive.net\/wp-content\/uploads\/2026\/01\/cropped-Logo-NTV-3_Plan-de-travail-1-copie-2.avif\",\"width\":1920,\"height\":584,\"caption\":\"NTV\"},\"image\":{\"@id\":\"https:\/\/ntvlive.net\/#\/schema\/logo\/image\/\"}}]}<\/script>\n<!-- \/ Yoast SEO Premium plugin. -->","yoast_head_json":{"title":"Replay NTv - Cameroon programs &amp; videos","description":"Find NTv (N\u00e9otempra Television) replays: programs, reports, interviews and highlights. Relive the lives of Cameroonians here and abroad on video.","robots":{"index":"index","follow":"follow","max-snippet":"max-snippet:-1","max-image-preview":"max-image-preview:large","max-video-preview":"max-video-preview:-1"},"canonical":"https:\/\/ntvlive.net\/en\/replay\/","og_locale":"en_US","og_type":"article","og_title":"Replay NTv \u2013 Revoir les \u00e9missions & vid\u00e9os du Cameroun","og_description":"Replays NTv : \u00e9missions, reportages, interviews et vid\u00e9os du Cameroun. NTv, la vie des Camerounais d\u2019ici et d\u2019ailleurs.","og_url":"https:\/\/ntvlive.net\/en\/replay\/","og_site_name":"NTV","article_modified_time":"2026-03-16T17:32:44+00:00","og_image":[{"width":1602,"height":2560,"url":"https:\/\/ntvlive.net\/wp-content\/uploads\/2026\/01\/Image2-scaled.png","type":"image\/png"}],"twitter_card":"summary_large_image","twitter_title":"Replay NTv \u2013 Revoir les \u00e9missions & vid\u00e9os du Cameroun","twitter_description":"Replays NTv : \u00e9missions, reportages, interviews et vid\u00e9os du Cameroun. NTv, la vie des Camerounais d\u2019ici et d\u2019ailleurs.","schema":{"@context":"https:\/\/schema.org","@graph":[{"@type":"WebPage","@id":"https:\/\/ntvlive.net\/replay\/","url":"https:\/\/ntvlive.net\/replay\/","name":"Replay NTv - Cameroon programs &amp; videos","isPartOf":{"@id":"https:\/\/ntvlive.net\/#website"},"primaryImageOfPage":{"@id":"https:\/\/ntvlive.net\/replay\/#primaryimage"},"image":{"@id":"https:\/\/ntvlive.net\/replay\/#primaryimage"},"thumbnailUrl":"https:\/\/ntvlive.net\/wp-content\/uploads\/2026\/01\/Image2-scaled.png","datePublished":"2024-08-08T04:20:13+00:00","dateModified":"2026-03-16T17:32:44+00:00","description":"Find NTv (N\u00e9otempra Television) replays: programs, reports, interviews and highlights. Relive the lives of Cameroonians here and abroad on video.","breadcrumb":{"@id":"https:\/\/ntvlive.net\/replay\/#breadcrumb"},"inLanguage":"en-US","potentialAction":[{"@type":"ReadAction","target":["https:\/\/ntvlive.net\/replay\/"]}]},{"@type":"ImageObject","inLanguage":"en-US","@id":"https:\/\/ntvlive.net\/replay\/#primaryimage","url":"https:\/\/ntvlive.net\/wp-content\/uploads\/2026\/01\/Image2-scaled.png","contentUrl":"https:\/\/ntvlive.net\/wp-content\/uploads\/2026\/01\/Image2-scaled.png","width":1602,"height":2560},{"@type":"BreadcrumbList","@id":"https:\/\/ntvlive.net\/replay\/#breadcrumb","itemListElement":[{"@type":"ListItem","position":1,"name":"Accueil","item":"https:\/\/ntvlive.net\/"},{"@type":"ListItem","position":2,"name":"Replay"}]},{"@type":"WebSite","@id":"https:\/\/ntvlive.net\/#website","url":"https:\/\/ntvlive.net\/","name":"NTV","description":"The Voice of Cameroonians from near and far","publisher":{"@id":"https:\/\/ntvlive.net\/#organization"},"potentialAction":[{"@type":"SearchAction","target":{"@type":"EntryPoint","urlTemplate":"https:\/\/ntvlive.net\/?s={search_term_string}"},"query-input":{"@type":"PropertyValueSpecification","valueRequired":true,"valueName":"search_term_string"}}],"inLanguage":"en-US"},{"@type":"Organization","@id":"https:\/\/ntvlive.net\/#organization","name":"NTV","url":"https:\/\/ntvlive.net\/","logo":{"@type":"ImageObject","inLanguage":"en-US","@id":"https:\/\/ntvlive.net\/#\/schema\/logo\/image\/","url":"https:\/\/ntvlive.net\/wp-content\/uploads\/2026\/01\/cropped-Logo-NTV-3_Plan-de-travail-1-copie-2.avif","contentUrl":"https:\/\/ntvlive.net\/wp-content\/uploads\/2026\/01\/cropped-Logo-NTV-3_Plan-de-travail-1-copie-2.avif","width":1920,"height":584,"caption":"NTV"},"image":{"@id":"https:\/\/ntvlive.net\/#\/schema\/logo\/image\/"}}]}},"_links":{"self":[{"href":"https:\/\/ntvlive.net\/en\/wp-json\/wp\/v2\/pages\/2501","targetHints":{"allow":["GET"]}}],"collection":[{"href":"https:\/\/ntvlive.net\/en\/wp-json\/wp\/v2\/pages"}],"about":[{"href":"https:\/\/ntvlive.net\/en\/wp-json\/wp\/v2\/types\/page"}],"author":[{"embeddable":true,"href":"https:\/\/ntvlive.net\/en\/wp-json\/wp\/v2\/users\/1"}],"replies":[{"embeddable":true,"href":"https:\/\/ntvlive.net\/en\/wp-json\/wp\/v2\/comments?post=2501"}],"version-history":[{"count":9,"href":"https:\/\/ntvlive.net\/en\/wp-json\/wp\/v2\/pages\/2501\/revisions"}],"predecessor-version":[{"id":4051,"href":"https:\/\/ntvlive.net\/en\/wp-json\/wp\/v2\/pages\/2501\/revisions\/4051"}],"wp:featuredmedia":[{"embeddable":true,"href":"https:\/\/ntvlive.net\/en\/wp-json\/wp\/v2\/media\/3545"}],"wp:attachment":[{"href":"https:\/\/ntvlive.net\/en\/wp-json\/wp\/v2\/media?parent=2501"}],"curies":[{"name":"wp","href":"https:\/\/api.w.org\/{rel}","templated":true}]}}