{"id":3166,"date":"2026-01-21T01:02:18","date_gmt":"2026-01-21T01:02:18","guid":{"rendered":"https:\/\/www.ntvlive.net\/?page_id=3166"},"modified":"2026-02-01T10:45:44","modified_gmt":"2026-02-01T10:45:44","slug":"programs","status":"publish","type":"page","link":"https:\/\/ntvlive.net\/en\/programs\/","title":{"rendered":"Our programs"},"content":{"rendered":"<div data-elementor-type=\"wp-page\" data-elementor-id=\"3166\" class=\"elementor elementor-3166\">\n\t\t\t\t<div class=\"elementor-element elementor-element-7195fc0 e-flex e-con-boxed e-con e-parent\" data-id=\"7195fc0\" data-element_type=\"container\" data-e-type=\"container\">\n\t\t\t\t\t<div class=\"e-con-inner\">\n\t\t\t\t<div class=\"elementor-element elementor-element-01ade35 elementor-widget elementor-widget-spacer\" data-id=\"01ade35\" data-element_type=\"widget\" data-e-type=\"widget\" data-widget_type=\"spacer.default\">\n\t\t\t\t\t\t\t<div class=\"elementor-spacer\">\n\t\t\t<div class=\"elementor-spacer-inner\"><\/div>\n\t\t<\/div>\n\t\t\t\t\t\t<\/div>\n\t\t\t\t\t<\/div>\n\t\t\t\t<\/div>\n\t\t<div class=\"elementor-element elementor-element-2baac06 e-con-full e-flex e-con e-parent\" data-id=\"2baac06\" data-element_type=\"container\" data-e-type=\"container\">\n\t\t<div class=\"elementor-element elementor-element-131866e e-con-full e-flex e-con e-child\" data-id=\"131866e\" data-element_type=\"container\" data-e-type=\"container\">\n\t\t\t\t<div class=\"elementor-element elementor-element-2f93673 elementor-widget elementor-widget-ienet-movie\" data-id=\"2f93673\" data-element_type=\"widget\" data-e-type=\"widget\" data-widget_type=\"ienet-movie.default\">\n\t\t\t\t<div class=\"elementor-widget-container\">\n\t\t\t\t\t\t<section class=\"movie-one\">\r\n\t\t\t\t\t<div class=\"movie-one__bg jarallax\" data-jarallax data-speed=\"0.3\" data-imgposition=\"50% -100%\" style=\"background-image: url(https:\/\/www.ntvlive.net\/wp-content\/uploads\/2026\/01\/123477.jpg);\"><\/div>\r\n\t\t\t\t<!-- \/.movie-one__bg -->\r\n\t\t<div class=\"container\">\r\n\t\t\t<div class=\"row\">\r\n\t\t\t\t\t\t\t\t\t<div class=\"col-md-8\">\r\n\t\t\t\t\t\t<div class=\"sec-title text-left\">\r\n\t\t\t\t\t\t\t<h6 class=\"sec-title__tagline bw-split-in-right\"><span class=\"sec-title__tagline__left-border\"><\/span>PROGRAMS<span class=\"sec-title__tagline__right-border\"><\/span><\/h6><!-- \/.sec-title__tagline -->\r\n\t\t\t\t\t\t\t<h3 class=\"sec-title__title bw-split-in-left\">DISCOVER ALL OUR <span> EMISSIONS<\/span> <\/h3><!-- \/.sec-title__title -->\r\n\t\t\t\t\t\t<\/div><!-- \/.sec-title -->\r\n\t\t\t\t\t<\/div>\r\n\t\t\t\t\t\t\t\t<div class=\"col-md-4\">\r\n\t\t\t\t\t<div class=\"movie-one__nav\">\r\n\t\t\t\t\t\t<a href=\"#\" class=\"movie-one__nav__prev\"><i class=\"icon-left-chevron\"><\/i><\/a>\r\n\t\t\t\t\t\t<a href=\"#\" class=\"movie-one__nav__next\"><i class=\"icon-right-chevron\"><\/i><\/a>\r\n\t\t\t\t\t<\/div><!-- \/.testimonials-one__custome-navs -->\r\n\t\t\t\t<\/div>\r\n\t\t\t<\/div>\r\n\t\t<\/div>\r\n\t\t<div class=\"movie-one__carousel owl-carousel ienet-owl__carousel--custom-nav owl-theme ienet-owl__carousel\" data-owl-nav-prev=\".movie-one__nav__prev\" data-owl-nav-next=\".movie-one__nav__next\" data-owl-options='{\t\t\"loop\": false,\t\t\"autoplay\": true,\t\t\"margin\": 30,\t\t\"center\": false,\t\t\"nav\": false,\t\t\"dots\": true,\t\t\"smartSpeed\": 700,\t\t\"autoplayTimeout\": 5000,\t\t\"responsive\": {\t\t\t\"0\": {\t\t\t\t\"stagePadding\": 50,\t\t\t\t\"items\": 1\t\t\t},\t\t\t\"500\": {\t\t\t\t\"items\": 2\t\t\t},\t\t\t\"768\": {\t\t\t\t\"stagePadding\": 100,\t\t\t\t\"items\": 2\t\t\t},\t\t\t\"992\": {\t\t\t\t\"stagePadding\": 52,\t\t\t\t\"items\": 3\t\t\t},\t\t\t\"1200\": {\t\t\t\t\"stagePadding\": 160,\t\t\t\t\"items\": 3\t\t\t},\t\t\t\"1300\": {\t\t\t\t\"stagePadding\": 100,\t\t\t\t\"items\": 4\t\t\t},\t\t\t\"1400\": {\t\t\t\t\"stagePadding\": 116,\t\t\t\t\"items\": 4\t\t\t},\t\t\t\"1600\": {\t\t\t\t\"stagePadding\": 216,\t\t\t\t\"items\": 4\t\t\t},\t\t\t\"1800\": {\t\t\t\t\"stagePadding\": 216,\t\t\t\t\"items\": 5\t\t\t}\t\t}\t\t}'>\r\n\t\t\t\t\t\t\t\t\t\t<div class=\"item\">\r\n\t\t\t\t\t<div class=\"movie-one__item\">\r\n\t\t\t\t\t\t<div class=\"movie-one__item__image\">\r\n\t\t\t\t\t\t\t<img fetchpriority=\"high\" decoding=\"async\" width=\"294\" height=\"365\" src=\"https:\/\/ntvlive.net\/wp-content\/uploads\/2024\/08\/IMG_0367-Copie-e1768955937327_lwsoptimized-294x365.webp\" class=\"attachment-ienet_movie_294X365 size-ienet_movie_294X365 wp-post-image\" alt=\"\" srcset=\"https:\/\/ntvlive.net\/wp-content\/uploads\/2024\/08\/IMG_0367-Copie-e1768955937327_lwsoptimized-294x365.webp 294w, https:\/\/ntvlive.net\/wp-content\/uploads\/2024\/08\/IMG_0367-Copie-e1768955937327_lwsoptimized-270x335.webp 270w, https:\/\/ntvlive.net\/wp-content\/uploads\/2024\/08\/IMG_0367-Copie-e1768955937327_lwsoptimized-246x306.webp 246w\" sizes=\"(max-width: 294px) 100vw, 294px\" \/>\t\t\t\t\t\t<\/div>\r\n\t\t\t\t\t\t\t\t\t\t\t\t<div class=\"movie-one__item__content\">\r\n\t\t\t\t\t\t\t<h3 class=\"movie-one__item__title\">\r\n\t\t\t\t\t\t\t\t<a href=\"https:\/\/ntvlive.net\/en\/movie\/grande-palabre\/\">La Grande Palabre<\/a>\r\n\t\t\t\t\t\t\t<\/h3>\r\n\t\t\t\t\t\t\t<ul class=\"movie-one__item__list\">\r\n\t\t\t\t\t\t\t\t\t\t\t\t\t\t\t\t\t<li><i class=\"fa fa-star\"><\/i>5 (Production)\r\n\t\t\t\t\t\t\t\t\t\t\t\t\t\t\t\t\t\t\t<\/li>\r\n\t\t\t\t\t\t\t\t\t\t\t\t\t\t\t\t\t\t\t\t\t\t\t\t\t<li>1 hour : 30mins<\/li>\r\n\t\t\t\t\t\t\t\t\t\t\t\t\t\t\t<\/ul>\r\n\t\t\t\t\t\t<\/div>\r\n\t\t\t\t\t<\/div>\r\n\t\t\t\t<\/div><!-- item -->\r\n\t\t\t\t\t\t\t\t<\/div>\r\n\t<\/section>\r\n\t\t\t\t<\/div>\n\t\t\t\t<\/div>\n\t\t\t\t<\/div>\n\t\t\t\t<\/div>\n\t\t\t\t<\/div>","protected":false},"excerpt":{"rendered":"<p>PROGRAMS DISCOVER ALL OUR PROGRAMS HERE La Grande Palabre 5 (Production) 1hour : 30mins<\/p>","protected":false},"author":1,"featured_media":3673,"parent":0,"menu_order":0,"comment_status":"closed","ping_status":"closed","template":"elementor_header_footer","meta":{"_analytify_skip_tracking":false,"footnotes":""},"class_list":["post-3166","page","type-page","status-publish","has-post-thumbnail","hentry"],"yoast_head":"<!-- This site is optimized with the Yoast SEO Premium plugin v26.7 (Yoast SEO v26.8) - https:\/\/yoast.com\/product\/yoast-seo-premium-wordpress\/ -->\n<title>Programmes NTv \u2013 Grille TV &amp; \u00c9missions au Cameroun<\/title>\n<meta name=\"description\" content=\"D\u00e9couvrez les programmes de NTv (N\u00e9otempra Television) : grille TV, \u00e9missions, d\u00e9bats, culture, divertissement et actualit\u00e9s. La vie des Camerounais d\u2019ici et d\u2019ailleurs.\" \/>\n<meta name=\"robots\" content=\"index, follow, max-snippet:-1, max-image-preview:large, max-video-preview:-1\" \/>\n<link rel=\"canonical\" href=\"https:\/\/ntvlive.net\/en\/programs\/\" \/>\n<meta property=\"og:locale\" content=\"en_US\" \/>\n<meta property=\"og:type\" content=\"article\" \/>\n<meta property=\"og:title\" content=\"Programmes NTv \u2013 Grille TV &amp; \u00c9missions au Cameroun\" \/>\n<meta property=\"og:description\" content=\"Consultez la grille des programmes NTv : \u00e9missions, d\u00e9bats, culture, divertissement et info. NTv, la vie des Camerounais d\u2019ici et d\u2019ailleurs.\" \/>\n<meta property=\"og:url\" content=\"https:\/\/ntvlive.net\/en\/programs\/\" \/>\n<meta property=\"og:site_name\" content=\"NTV\" \/>\n<meta property=\"article:modified_time\" content=\"2026-02-01T10:45:44+00:00\" \/>\n<meta property=\"og:image\" content=\"https:\/\/ntvlive.net\/wp-content\/uploads\/2026\/01\/ChatGPT-Image-26-janv.-2026-05_01_36-2.png\" \/>\n\t<meta property=\"og:image:width\" content=\"1536\" \/>\n\t<meta property=\"og:image:height\" content=\"1024\" \/>\n\t<meta property=\"og:image:type\" content=\"image\/png\" \/>\n<meta name=\"twitter:card\" content=\"summary_large_image\" \/>\n<meta name=\"twitter:title\" content=\"Programmes NTv \u2013 Grille TV &amp; \u00c9missions au Cameroun\" \/>\n<meta name=\"twitter:description\" content=\"Consultez la grille des programmes NTv : \u00e9missions, d\u00e9bats, culture, divertissement et info. NTv, la vie des Camerounais d\u2019ici et d\u2019ailleurs.\" \/>\n<meta name=\"twitter:label1\" content=\"Est. reading time\" \/>\n\t<meta name=\"twitter:data1\" content=\"1 minute\" \/>\n<script type=\"application\/ld+json\" class=\"yoast-schema-graph\">{\"@context\":\"https:\/\/schema.org\",\"@graph\":[{\"@type\":\"WebPage\",\"@id\":\"https:\/\/ntvlive.net\/programmes\/\",\"url\":\"https:\/\/ntvlive.net\/programmes\/\",\"name\":\"Programmes NTv \u2013 Grille TV & \u00c9missions au Cameroun\",\"isPartOf\":{\"@id\":\"https:\/\/ntvlive.net\/#website\"},\"primaryImageOfPage\":{\"@id\":\"https:\/\/ntvlive.net\/programmes\/#primaryimage\"},\"image\":{\"@id\":\"https:\/\/ntvlive.net\/programmes\/#primaryimage\"},\"thumbnailUrl\":\"https:\/\/ntvlive.net\/wp-content\/uploads\/2026\/01\/ChatGPT-Image-26-janv.-2026-05_01_36.avif\",\"datePublished\":\"2026-01-21T01:02:18+00:00\",\"dateModified\":\"2026-02-01T10:45:44+00:00\",\"description\":\"D\u00e9couvrez les programmes de NTv (N\u00e9otempra Television) : grille TV, \u00e9missions, d\u00e9bats, culture, divertissement et actualit\u00e9s. La vie des Camerounais d\u2019ici et d\u2019ailleurs.\",\"breadcrumb\":{\"@id\":\"https:\/\/ntvlive.net\/programmes\/#breadcrumb\"},\"inLanguage\":\"en-US\",\"potentialAction\":[{\"@type\":\"ReadAction\",\"target\":[\"https:\/\/ntvlive.net\/programmes\/\"]}]},{\"@type\":\"ImageObject\",\"inLanguage\":\"en-US\",\"@id\":\"https:\/\/ntvlive.net\/programmes\/#primaryimage\",\"url\":\"https:\/\/ntvlive.net\/wp-content\/uploads\/2026\/01\/ChatGPT-Image-26-janv.-2026-05_01_36.avif\",\"contentUrl\":\"https:\/\/ntvlive.net\/wp-content\/uploads\/2026\/01\/ChatGPT-Image-26-janv.-2026-05_01_36.avif\",\"width\":1920,\"height\":1280},{\"@type\":\"BreadcrumbList\",\"@id\":\"https:\/\/ntvlive.net\/programmes\/#breadcrumb\",\"itemListElement\":[{\"@type\":\"ListItem\",\"position\":1,\"name\":\"Accueil\",\"item\":\"https:\/\/ntvlive.net\/\"},{\"@type\":\"ListItem\",\"position\":2,\"name\":\"Programmes\"}]},{\"@type\":\"WebSite\",\"@id\":\"https:\/\/ntvlive.net\/#website\",\"url\":\"https:\/\/ntvlive.net\/\",\"name\":\"NTV\",\"description\":\"La Voix des Camerounais d\u2019ici et d&#039;ailleurs\",\"publisher\":{\"@id\":\"https:\/\/ntvlive.net\/#organization\"},\"potentialAction\":[{\"@type\":\"SearchAction\",\"target\":{\"@type\":\"EntryPoint\",\"urlTemplate\":\"https:\/\/ntvlive.net\/?s={search_term_string}\"},\"query-input\":{\"@type\":\"PropertyValueSpecification\",\"valueRequired\":true,\"valueName\":\"search_term_string\"}}],\"inLanguage\":\"en-US\"},{\"@type\":\"Organization\",\"@id\":\"https:\/\/ntvlive.net\/#organization\",\"name\":\"NTV\",\"url\":\"https:\/\/ntvlive.net\/\",\"logo\":{\"@type\":\"ImageObject\",\"inLanguage\":\"en-US\",\"@id\":\"https:\/\/ntvlive.net\/#\/schema\/logo\/image\/\",\"url\":\"https:\/\/ntvlive.net\/wp-content\/uploads\/2026\/01\/cropped-Logo-NTV-3_Plan-de-travail-1-copie-2.avif\",\"contentUrl\":\"https:\/\/ntvlive.net\/wp-content\/uploads\/2026\/01\/cropped-Logo-NTV-3_Plan-de-travail-1-copie-2.avif\",\"width\":1920,\"height\":584,\"caption\":\"NTV\"},\"image\":{\"@id\":\"https:\/\/ntvlive.net\/#\/schema\/logo\/image\/\"}}]}<\/script>\n<!-- \/ Yoast SEO Premium plugin. -->","yoast_head_json":{"title":"NTv Programs - TV Schedule &amp; Programs in Cameroon","description":"Discover NTv (N\u00e9otempra Television) programs: TV listings, programs, debates, culture, entertainment and news. The life of Cameroonians here and abroad.","robots":{"index":"index","follow":"follow","max-snippet":"max-snippet:-1","max-image-preview":"max-image-preview:large","max-video-preview":"max-video-preview:-1"},"canonical":"https:\/\/ntvlive.net\/en\/programs\/","og_locale":"en_US","og_type":"article","og_title":"Programmes NTv \u2013 Grille TV & \u00c9missions au Cameroun","og_description":"Consultez la grille des programmes NTv : \u00e9missions, d\u00e9bats, culture, divertissement et info. NTv, la vie des Camerounais d\u2019ici et d\u2019ailleurs.","og_url":"https:\/\/ntvlive.net\/en\/programs\/","og_site_name":"NTV","article_modified_time":"2026-02-01T10:45:44+00:00","og_image":[{"width":1536,"height":1024,"url":"https:\/\/ntvlive.net\/wp-content\/uploads\/2026\/01\/ChatGPT-Image-26-janv.-2026-05_01_36-2.png","type":"image\/png"}],"twitter_card":"summary_large_image","twitter_title":"Programmes NTv \u2013 Grille TV & \u00c9missions au Cameroun","twitter_description":"Consultez la grille des programmes NTv : \u00e9missions, d\u00e9bats, culture, divertissement et info. NTv, la vie des Camerounais d\u2019ici et d\u2019ailleurs.","twitter_misc":{"Est. reading time":"1 minute"},"schema":{"@context":"https:\/\/schema.org","@graph":[{"@type":"WebPage","@id":"https:\/\/ntvlive.net\/programmes\/","url":"https:\/\/ntvlive.net\/programmes\/","name":"NTv Programs - TV Schedule &amp; Programs in Cameroon","isPartOf":{"@id":"https:\/\/ntvlive.net\/#website"},"primaryImageOfPage":{"@id":"https:\/\/ntvlive.net\/programmes\/#primaryimage"},"image":{"@id":"https:\/\/ntvlive.net\/programmes\/#primaryimage"},"thumbnailUrl":"https:\/\/ntvlive.net\/wp-content\/uploads\/2026\/01\/ChatGPT-Image-26-janv.-2026-05_01_36.avif","datePublished":"2026-01-21T01:02:18+00:00","dateModified":"2026-02-01T10:45:44+00:00","description":"Discover NTv (N\u00e9otempra Television) programs: TV listings, programs, debates, culture, entertainment and news. The life of Cameroonians here and abroad.","breadcrumb":{"@id":"https:\/\/ntvlive.net\/programmes\/#breadcrumb"},"inLanguage":"en-US","potentialAction":[{"@type":"ReadAction","target":["https:\/\/ntvlive.net\/programmes\/"]}]},{"@type":"ImageObject","inLanguage":"en-US","@id":"https:\/\/ntvlive.net\/programmes\/#primaryimage","url":"https:\/\/ntvlive.net\/wp-content\/uploads\/2026\/01\/ChatGPT-Image-26-janv.-2026-05_01_36.avif","contentUrl":"https:\/\/ntvlive.net\/wp-content\/uploads\/2026\/01\/ChatGPT-Image-26-janv.-2026-05_01_36.avif","width":1920,"height":1280},{"@type":"BreadcrumbList","@id":"https:\/\/ntvlive.net\/programmes\/#breadcrumb","itemListElement":[{"@type":"ListItem","position":1,"name":"Accueil","item":"https:\/\/ntvlive.net\/"},{"@type":"ListItem","position":2,"name":"Programmes"}]},{"@type":"WebSite","@id":"https:\/\/ntvlive.net\/#website","url":"https:\/\/ntvlive.net\/","name":"NTV","description":"The Voice of Cameroonians from near and far","publisher":{"@id":"https:\/\/ntvlive.net\/#organization"},"potentialAction":[{"@type":"SearchAction","target":{"@type":"EntryPoint","urlTemplate":"https:\/\/ntvlive.net\/?s={search_term_string}"},"query-input":{"@type":"PropertyValueSpecification","valueRequired":true,"valueName":"search_term_string"}}],"inLanguage":"en-US"},{"@type":"Organization","@id":"https:\/\/ntvlive.net\/#organization","name":"NTV","url":"https:\/\/ntvlive.net\/","logo":{"@type":"ImageObject","inLanguage":"en-US","@id":"https:\/\/ntvlive.net\/#\/schema\/logo\/image\/","url":"https:\/\/ntvlive.net\/wp-content\/uploads\/2026\/01\/cropped-Logo-NTV-3_Plan-de-travail-1-copie-2.avif","contentUrl":"https:\/\/ntvlive.net\/wp-content\/uploads\/2026\/01\/cropped-Logo-NTV-3_Plan-de-travail-1-copie-2.avif","width":1920,"height":584,"caption":"NTV"},"image":{"@id":"https:\/\/ntvlive.net\/#\/schema\/logo\/image\/"}}]}},"_links":{"self":[{"href":"https:\/\/ntvlive.net\/en\/wp-json\/wp\/v2\/pages\/3166","targetHints":{"allow":["GET"]}}],"collection":[{"href":"https:\/\/ntvlive.net\/en\/wp-json\/wp\/v2\/pages"}],"about":[{"href":"https:\/\/ntvlive.net\/en\/wp-json\/wp\/v2\/types\/page"}],"author":[{"embeddable":true,"href":"https:\/\/ntvlive.net\/en\/wp-json\/wp\/v2\/users\/1"}],"replies":[{"embeddable":true,"href":"https:\/\/ntvlive.net\/en\/wp-json\/wp\/v2\/comments?post=3166"}],"version-history":[{"count":10,"href":"https:\/\/ntvlive.net\/en\/wp-json\/wp\/v2\/pages\/3166\/revisions"}],"predecessor-version":[{"id":3724,"href":"https:\/\/ntvlive.net\/en\/wp-json\/wp\/v2\/pages\/3166\/revisions\/3724"}],"wp:featuredmedia":[{"embeddable":true,"href":"https:\/\/ntvlive.net\/en\/wp-json\/wp\/v2\/media\/3673"}],"wp:attachment":[{"href":"https:\/\/ntvlive.net\/en\/wp-json\/wp\/v2\/media?parent=3166"}],"curies":[{"name":"wp","href":"https:\/\/api.w.org\/{rel}","templated":true}]}}