{"id":406,"date":"2024-08-10T06:41:38","date_gmt":"2024-08-10T06:41:38","guid":{"rendered":"http:\/\/ienet-demo.local\/?page_id=406"},"modified":"2026-01-23T13:57:01","modified_gmt":"2026-01-23T13:57:01","slug":"our-team","status":"publish","type":"page","link":"https:\/\/ntvlive.net\/en\/our-team\/","title":{"rendered":"Our team"},"content":{"rendered":"<div data-elementor-type=\"wp-page\" data-elementor-id=\"406\" class=\"elementor elementor-406\">\n\t\t\t\t<div class=\"elementor-element elementor-element-91e562a e-con-full e-flex e-con e-parent\" data-id=\"91e562a\" data-element_type=\"container\" data-e-type=\"container\">\n\t\t\t\t<div class=\"elementor-element elementor-element-2d44e65 elementor-widget elementor-widget-ienet-team\" data-id=\"2d44e65\" data-element_type=\"widget\" data-e-type=\"widget\" data-widget_type=\"ienet-team.default\">\n\t\t\t\t<div class=\"elementor-widget-container\">\n\t\t\t\t\t\t<section class=\"team-one\">\r\n\t\t<div class=\"container\">\r\n\t\t\t<div class=\"team-one__carousel ienet-owl__carousel ienet-owl__carousel--with-shadow ienet-owl__carousel--basic-nav owl-carousel owl-theme\" data-owl-options='{&quot;loop&quot;:true,&quot;margin&quot;:0,&quot;items&quot;:1,&quot;nav&quot;:false,&quot;dots&quot;:true,&quot;smartSpeed&quot;:700,&quot;autoplay&quot;:true,&quot;autoplayTimeout&quot;:5000,&quot;animateOut&quot;:&quot;&quot;,&quot;animateIn&quot;:&quot;&quot;,&quot;autoplayHoverPause&quot;:true,&quot;URLhashListener&quot;:true,&quot;responsive&quot;:[{&quot;margin&quot;:0,&quot;items&quot;:1}]}'>\r\n\t\t\t\t\t\t\t\t\t<div class=\"item\">\r\n\t\t\t\t\t\t<div class=\"team-one__item  wow fadeInUp\" data-wow-delay=\"00ms\" style=\"--accent-color: #FEBE57\">\r\n\t\t\t\t\t\t<div class=\"team-one__item__hover-shape\" style=\"background-image: url(https:\/\/ienetwp.bracketweb.com\/wp-content\/uploads\/2025\/04\/team-hover-shape.png);\"><\/div>\r\n\t\t\t\t\t\t<div class=\"team-one__item__shape\" style=\"background-image: url(https:\/\/ienetwp.bracketweb.com\/wp-content\/uploads\/2024\/08\/team-1-shape-2.png);\"><\/div>\r\n\t\t\t\t\t\t\t<div class=\"team-one__item__image\">\r\n\t\t\t\t\t\t\t\t<img decoding=\"async\" src=\"https:\/\/ntvlive.net\/wp-content\/uploads\/2026\/01\/motion_photo_5470789534966971540.jpg_lwsoptimized.avif\" alt=\"\" >\t\t\t\t\t\t\t<\/div><!-- \/.team-one__item__image -->\r\n\t\t\t\t\t\t\t<div class=\"team-one__item__content\">\r\n\t\t\t\t\t\t\t\t\t\t\t\t\t\t\t\t\t<div class=\"team-one__item__social\">\r\n\t\t\t\t\t\t\t\t\t\t  <a href=\"https:\/\/web.facebook.com\/pierrebleriotnyemeckofficiel\">\r\n    <i class=\"fab fa-facebook-f\"><\/i>\r\n<\/a>\r\n<a href=\"https:\/\/twitter.com\">\r\n    <i class=\"fab fa-twitter\"><\/i>\r\n<\/a>\r\n<a href=\"https:\/\/instagram.com\">\r\n    <i class=\"fab fa-instagram\"><\/i>\r\n<\/a>\r\n<a href=\"https:\/\/www.youtube.com\/\">\r\n    <i class=\"fab fa-youtube\"><\/i>\r\n<\/a>\t\t\t\t\t\t\t\t\t<\/div>\r\n\t\t\t\t\t\t\t\t\t\t\t\t\t\t\t\t<h3 class=\"team-one__item__title\">\r\n\t\t\t\t\t\t\t\t\t<a href=\"\"  >Pierre Bl\u00e9riot NYEMECK<\/a>\r\n\t\t\t\t\t\t\t\t<\/h3><!-- \/.team-one__item__title -->\r\n\t\t\t\t\t\t\t\t<p class=\"team-one__item__designation\">Chairman - General Manager<\/p><!-- \/.team-one__item__designation -->\r\n\t\t\t\t\t\t\t<\/div><!-- \/.team-card__content -->\r\n\t\t\t\t\t\t<\/div><!-- \/.team-one__item -->\r\n\t\t\t\t\t<\/div><!-- \/.item -->\r\n\t\t\t\t\t\t\t<\/div><!-- \/.row -->\r\n\t\t<\/div><!-- \/.container -->\r\n\t<\/section>\r\n\t\t\t\t<\/div>\n\t\t\t\t<\/div>\n\t\t\t\t<div class=\"elementor-element elementor-element-e220754 elementor-widget elementor-widget-ienet-team\" data-id=\"e220754\" data-element_type=\"widget\" data-e-type=\"widget\" data-widget_type=\"ienet-team.default\">\n\t\t\t\t<div class=\"elementor-widget-container\">\n\t\t\t\t\t\t<section class=\"team-one\">\r\n\t\t<div class=\"container\">\r\n\t\t\t<div class=\"row gutter-y-30\">\r\n\t\t\t\t\t\t\t\t\t<div class=\"col-md-6 col-lg-4\">\r\n\t\t\t\t\t\t<div class=\"team-one__item  wow fadeInUp\" data-wow-delay=\"00ms\" style=\"--accent-color: ;\">\r\n\t\t\t\t\t\t\t<div class=\"team-one__item__hover-shape\" style=\"background-image: url();\"><\/div>\r\n\t\t\t\t\t\t\t<div class=\"team-one__item__shape\" style=\"background-image: url(https:\/\/www.ntvlive.net\/wp-content\/uploads\/2024\/08\/team-1-shape-5.png);\"><\/div>\r\n\t\t\t\t\t\t\t<div class=\"team-one__item__image\">\r\n\t\t\t\t\t\t\t\t<img decoding=\"async\" src=\"https:\/\/ntvlive.net\/wp-content\/uploads\/2026\/01\/IMG_0340-e1768952735578_lwsoptimized.webp\" alt=\"\" >\t\t\t\t\t\t\t<\/div><!-- \/.team-one__item__image -->\r\n\t\t\t\t\t\t\t<div class=\"team-one__item__content\">\r\n\t\t\t\t\t\t\t\t\t\t\t\t\t\t\t\t\t<div class=\"team-one__item__social\">\r\n\t\t\t\t\t\t\t\t\t\t  <a href=\"https:\/\/web.facebook.com\/\">\r\n    <i class=\"fab fa-facebook-f\"><\/i>\r\n<\/a>\r\n<a href=\"https:\/\/twitter.com\">\r\n    <i class=\"fab fa-twitter\"><\/i>\r\n<\/a>\r\n<a href=\"https:\/\/instagram.com\">\r\n    <i class=\"fab fa-instagram\"><\/i>\r\n<\/a>\r\n<a href=\"https:\/\/www.youtube.com\/\">\r\n    <i class=\"fab fa-youtube\"><\/i>\r\n<\/a>\t\t\t\t\t\t\t\t\t<\/div>\r\n\t\t\t\t\t\t\t\t\t\t\t\t\t\t\t\t<h3 class=\"team-one__item__title\">\r\n\t\t\t\t\t\t\t\t\t<a href=\"#\"  >Francis BINYEGUI<\/a>\r\n\t\t\t\t\t\t\t\t<\/h3><!-- \/.team-one__item__title -->\r\n\t\t\t\t\t\t\t\t<p class=\"team-one__item__designation\">Technical Manager<\/p><!-- \/.team-one__item__designation -->\r\n\t\t\t\t\t\t\t<\/div><!-- \/.team-card__content -->\r\n\t\t\t\t\t\t<\/div><!-- \/.team-one__item -->\r\n\t\t\t\t\t<\/div><!-- \/.col-md-6 col-lg-4 -->\r\n\t\t\t\t\t\t\t\t\t<div class=\"col-md-6 col-lg-4\">\r\n\t\t\t\t\t\t<div class=\"team-one__item team-one__item--two wow fadeInUp\" data-wow-delay=\"00ms\" style=\"--accent-color: ;\">\r\n\t\t\t\t\t\t\t<div class=\"team-one__item__hover-shape\" style=\"background-image: url();\"><\/div>\r\n\t\t\t\t\t\t\t<div class=\"team-one__item__shape\" style=\"background-image: url(https:\/\/www.ntvlive.net\/wp-content\/uploads\/2024\/08\/team-1-shape-4.png);\"><\/div>\r\n\t\t\t\t\t\t\t<div class=\"team-one__item__image\">\r\n\t\t\t\t\t\t\t\t<img decoding=\"async\" src=\"https:\/\/ntvlive.net\/wp-content\/uploads\/2026\/01\/4_lwsoptimized.webp\" alt=\"4\" title=\"4\" >\t\t\t\t\t\t\t<\/div><!-- \/.team-one__item__image -->\r\n\t\t\t\t\t\t\t<div class=\"team-one__item__content\">\r\n\t\t\t\t\t\t\t\t\t\t\t\t\t\t\t\t\t<div class=\"team-one__item__social\">\r\n\t\t\t\t\t\t\t\t\t\t  <a href=\"https:\/\/web.facebook.com\/\">\r\n    <i class=\"fab fa-facebook-f\"><\/i>\r\n<\/a>\r\n<a href=\"https:\/\/twitter.com\">\r\n    <i class=\"fab fa-twitter\"><\/i>\r\n<\/a>\r\n<a href=\"https:\/\/instagram.com\">\r\n    <i class=\"fab fa-instagram\"><\/i>\r\n<\/a>\r\n<a href=\"https:\/\/www.youtube.com\/\">\r\n    <i class=\"fab fa-youtube\"><\/i>\r\n<\/a>\t\t\t\t\t\t\t\t\t<\/div>\r\n\t\t\t\t\t\t\t\t\t\t\t\t\t\t\t\t<h3 class=\"team-one__item__title\">\r\n\t\t\t\t\t\t\t\t\t<a href=\"#\"  >Salom\u00e9 Ines NYEMECK<\/a>\r\n\t\t\t\t\t\t\t\t<\/h3><!-- \/.team-one__item__title -->\r\n\t\t\t\t\t\t\t\t<p class=\"team-one__item__designation\">Administrative and Financial Director<\/p><!-- \/.team-one__item__designation -->\r\n\t\t\t\t\t\t\t<\/div><!-- \/.team-card__content -->\r\n\t\t\t\t\t\t<\/div><!-- \/.team-one__item -->\r\n\t\t\t\t\t<\/div><!-- \/.col-md-6 col-lg-4 -->\r\n\t\t\t\t\t\t\t\t\t<div class=\"col-md-6 col-lg-4\">\r\n\t\t\t\t\t\t<div class=\"team-one__item team-one__item--three wow fadeInUp\" data-wow-delay=\"00ms\" style=\"--accent-color: ;\">\r\n\t\t\t\t\t\t\t<div class=\"team-one__item__hover-shape\" style=\"background-image: url();\"><\/div>\r\n\t\t\t\t\t\t\t<div class=\"team-one__item__shape\" style=\"background-image: url(https:\/\/www.ntvlive.net\/wp-content\/uploads\/2024\/08\/team-1-shape-5.png);\"><\/div>\r\n\t\t\t\t\t\t\t<div class=\"team-one__item__image\">\r\n\t\t\t\t\t\t\t\t<img decoding=\"async\" src=\"https:\/\/ntvlive.net\/wp-content\/uploads\/2026\/01\/IMG_0363-e1768952632570_lwsoptimized-scaled.avif\" alt=\"\" >\t\t\t\t\t\t\t<\/div><!-- \/.team-one__item__image -->\r\n\t\t\t\t\t\t\t<div class=\"team-one__item__content\">\r\n\t\t\t\t\t\t\t\t\t\t\t\t\t\t\t\t\t<div class=\"team-one__item__social\">\r\n\t\t\t\t\t\t\t\t\t\t  <a href=\"https:\/\/web.facebook.com\/\">\r\n    <i class=\"fab fa-facebook-f\"><\/i>\r\n<\/a>\r\n<a href=\"https:\/\/twitter.com\">\r\n    <i class=\"fab fa-twitter\"><\/i>\r\n<\/a>\r\n<a href=\"https:\/\/instagram.com\">\r\n    <i class=\"fab fa-instagram\"><\/i>\r\n<\/a>\r\n<a href=\"https:\/\/www.youtube.com\/\">\r\n    <i class=\"fab fa-youtube\"><\/i>\r\n<\/a>\t\t\t\t\t\t\t\t\t<\/div>\r\n\t\t\t\t\t\t\t\t\t\t\t\t\t\t\t\t<h3 class=\"team-one__item__title\">\r\n\t\t\t\t\t\t\t\t\t<a href=\"#\"  >Bernard Armel BASSONG<\/a>\r\n\t\t\t\t\t\t\t\t<\/h3><!-- \/.team-one__item__title -->\r\n\t\t\t\t\t\t\t\t<p class=\"team-one__item__designation\">Legal advice<\/p><!-- \/.team-one__item__designation -->\r\n\t\t\t\t\t\t\t<\/div><!-- \/.team-card__content -->\r\n\t\t\t\t\t\t<\/div><!-- \/.team-one__item -->\r\n\t\t\t\t\t<\/div><!-- \/.col-md-6 col-lg-4 -->\r\n\t\t\t\t\t\t\t<\/div><!-- \/.row -->\r\n\t\t<\/div><!-- \/.container -->\r\n\t<\/section>\r\n\t\t\t\t<\/div>\n\t\t\t\t<\/div>\n\t\t\t\t<div class=\"elementor-element elementor-element-18bac00 elementor-widget elementor-widget-ienet-team\" data-id=\"18bac00\" data-element_type=\"widget\" data-e-type=\"widget\" data-widget_type=\"ienet-team.default\">\n\t\t\t\t<div class=\"elementor-widget-container\">\n\t\t\t\t\t\t<section class=\"team-one\">\r\n\t\t<div class=\"container\">\r\n\t\t\t<div class=\"row gutter-y-30\">\r\n\t\t\t\t\t\t\t\t\t<div class=\"col-md-6 col-lg-4\">\r\n\t\t\t\t\t\t<div class=\"team-one__item  wow fadeInUp\" data-wow-delay=\"00ms\" style=\"--accent-color: ;\">\r\n\t\t\t\t\t\t\t<div class=\"team-one__item__hover-shape\" style=\"background-image: url();\"><\/div>\r\n\t\t\t\t\t\t\t<div class=\"team-one__item__shape\" style=\"background-image: url(https:\/\/www.ntvlive.net\/wp-content\/uploads\/2024\/08\/team-1-shape-4.png);\"><\/div>\r\n\t\t\t\t\t\t\t<div class=\"team-one__item__image\">\r\n\t\t\t\t\t\t\t\t<img decoding=\"async\" src=\"https:\/\/ntvlive.net\/wp-content\/uploads\/2026\/01\/1-e1768953576783_lwsoptimized.webp\" alt=\"\" >\t\t\t\t\t\t\t<\/div><!-- \/.team-one__item__image -->\r\n\t\t\t\t\t\t\t<div class=\"team-one__item__content\">\r\n\t\t\t\t\t\t\t\t\t\t\t\t\t\t\t\t\t<div class=\"team-one__item__social\">\r\n\t\t\t\t\t\t\t\t\t\t  <a href=\"https:\/\/web.facebook.com\/\">\r\n    <i class=\"fab fa-facebook-f\"><\/i>\r\n<\/a>\r\n<a href=\"https:\/\/twitter.com\">\r\n    <i class=\"fab fa-twitter\"><\/i>\r\n<\/a>\r\n<a href=\"https:\/\/instagram.com\">\r\n    <i class=\"fab fa-instagram\"><\/i>\r\n<\/a>\r\n<a href=\"https:\/\/www.youtube.com\/\">\r\n    <i class=\"fab fa-youtube\"><\/i>\r\n<\/a>\t\t\t\t\t\t\t\t\t<\/div>\r\n\t\t\t\t\t\t\t\t\t\t\t\t\t\t\t\t<h3 class=\"team-one__item__title\">\r\n\t\t\t\t\t\t\t\t\t<a href=\"#\"  >Claudia Gertrude NTSA<\/a>\r\n\t\t\t\t\t\t\t\t<\/h3><!-- \/.team-one__item__title -->\r\n\t\t\t\t\t\t\t\t<p class=\"team-one__item__designation\">Journalist<\/p><!-- \/.team-one__item__designation -->\r\n\t\t\t\t\t\t\t<\/div><!-- \/.team-card__content -->\r\n\t\t\t\t\t\t<\/div><!-- \/.team-one__item -->\r\n\t\t\t\t\t<\/div><!-- \/.col-md-6 col-lg-4 -->\r\n\t\t\t\t\t\t\t\t\t<div class=\"col-md-6 col-lg-4\">\r\n\t\t\t\t\t\t<div class=\"team-one__item team-one__item--two wow fadeInUp\" data-wow-delay=\"00ms\" style=\"--accent-color: ;\">\r\n\t\t\t\t\t\t\t<div class=\"team-one__item__hover-shape\" style=\"background-image: url();\"><\/div>\r\n\t\t\t\t\t\t\t<div class=\"team-one__item__shape\" style=\"background-image: url(https:\/\/www.ntvlive.net\/wp-content\/uploads\/2024\/08\/team-1-shape-5.png);\"><\/div>\r\n\t\t\t\t\t\t\t<div class=\"team-one__item__image\">\r\n\t\t\t\t\t\t\t\t<img decoding=\"async\" src=\"https:\/\/ntvlive.net\/wp-content\/uploads\/2026\/01\/IMG-20260116-WA0184.jpg-e1768953802202_lwsoptimized.webp\" alt=\"\" >\t\t\t\t\t\t\t<\/div><!-- \/.team-one__item__image -->\r\n\t\t\t\t\t\t\t<div class=\"team-one__item__content\">\r\n\t\t\t\t\t\t\t\t\t\t\t\t\t\t\t\t\t<div class=\"team-one__item__social\">\r\n\t\t\t\t\t\t\t\t\t\t  <a href=\"https:\/\/web.facebook.com\/\">\r\n    <i class=\"fab fa-facebook-f\"><\/i>\r\n<\/a>\r\n<a href=\"https:\/\/twitter.com\">\r\n    <i class=\"fab fa-twitter\"><\/i>\r\n<\/a>\r\n<a href=\"https:\/\/instagram.com\">\r\n    <i class=\"fab fa-instagram\"><\/i>\r\n<\/a>\r\n<a href=\"https:\/\/www.youtube.com\/\">\r\n    <i class=\"fab fa-youtube\"><\/i>\r\n<\/a>\t\t\t\t\t\t\t\t\t<\/div>\r\n\t\t\t\t\t\t\t\t\t\t\t\t\t\t\t\t<h3 class=\"team-one__item__title\">\r\n\t\t\t\t\t\t\t\t\t<a href=\"#\"  >Parfait MILANGA<\/a>\r\n\t\t\t\t\t\t\t\t<\/h3><!-- \/.team-one__item__title -->\r\n\t\t\t\t\t\t\t\t<p class=\"team-one__item__designation\">Accountant<\/p><!-- \/.team-one__item__designation -->\r\n\t\t\t\t\t\t\t<\/div><!-- \/.team-card__content -->\r\n\t\t\t\t\t\t<\/div><!-- \/.team-one__item -->\r\n\t\t\t\t\t<\/div><!-- \/.col-md-6 col-lg-4 -->\r\n\t\t\t\t\t\t\t\t\t<div class=\"col-md-6 col-lg-4\">\r\n\t\t\t\t\t\t<div class=\"team-one__item team-one__item--three wow fadeInUp\" data-wow-delay=\"00ms\" style=\"--accent-color: ;\">\r\n\t\t\t\t\t\t\t<div class=\"team-one__item__hover-shape\" style=\"background-image: url();\"><\/div>\r\n\t\t\t\t\t\t\t<div class=\"team-one__item__shape\" style=\"background-image: url(https:\/\/www.ntvlive.net\/wp-content\/uploads\/2024\/08\/team-1-shape-5.png);\"><\/div>\r\n\t\t\t\t\t\t\t<div class=\"team-one__item__image\">\r\n\t\t\t\t\t\t\t\t<img decoding=\"async\" src=\"https:\/\/ntvlive.net\/wp-content\/uploads\/2026\/01\/IMG_0351_lwsoptimized-scaled.avif\" alt=\"\" >\t\t\t\t\t\t\t<\/div><!-- \/.team-one__item__image -->\r\n\t\t\t\t\t\t\t<div class=\"team-one__item__content\">\r\n\t\t\t\t\t\t\t\t\t\t\t\t\t\t\t\t\t<div class=\"team-one__item__social\">\r\n\t\t\t\t\t\t\t\t\t\t  <a href=\"https:\/\/web.facebook.com\/\">\r\n    <i class=\"fab fa-facebook-f\"><\/i>\r\n<\/a>\r\n<a href=\"https:\/\/twitter.com\">\r\n    <i class=\"fab fa-twitter\"><\/i>\r\n<\/a>\r\n<a href=\"https:\/\/instagram.com\">\r\n    <i class=\"fab fa-instagram\"><\/i>\r\n<\/a>\r\n<a href=\"https:\/\/www.youtube.com\/\">\r\n    <i class=\"fab fa-youtube\"><\/i>\r\n<\/a>\t\t\t\t\t\t\t\t\t<\/div>\r\n\t\t\t\t\t\t\t\t\t\t\t\t\t\t\t\t<h3 class=\"team-one__item__title\">\r\n\t\t\t\t\t\t\t\t\t<a href=\"#\"  >Beaugelin DONLEUFACK<\/a>\r\n\t\t\t\t\t\t\t\t<\/h3><!-- \/.team-one__item__title -->\r\n\t\t\t\t\t\t\t\t<p class=\"team-one__item__designation\">Diffuser 01<\/p><!-- \/.team-one__item__designation -->\r\n\t\t\t\t\t\t\t<\/div><!-- \/.team-card__content -->\r\n\t\t\t\t\t\t<\/div><!-- \/.team-one__item -->\r\n\t\t\t\t\t<\/div><!-- \/.col-md-6 col-lg-4 -->\r\n\t\t\t\t\t\t\t\t\t<div class=\"col-md-6 col-lg-4\">\r\n\t\t\t\t\t\t<div class=\"team-one__item team-one__item--four wow fadeInUp\" data-wow-delay=\"00ms\" style=\"--accent-color: ;\">\r\n\t\t\t\t\t\t\t<div class=\"team-one__item__hover-shape\" style=\"background-image: url();\"><\/div>\r\n\t\t\t\t\t\t\t<div class=\"team-one__item__shape\" style=\"background-image: url(https:\/\/www.ntvlive.net\/wp-content\/uploads\/2024\/08\/team-1-shape-5.png);\"><\/div>\r\n\t\t\t\t\t\t\t<div class=\"team-one__item__image\">\r\n\t\t\t\t\t\t\t\t<img decoding=\"async\" src=\"https:\/\/ntvlive.net\/wp-content\/uploads\/2026\/01\/IMG_0348_lwsoptimized.webp\" alt=\"\" >\t\t\t\t\t\t\t<\/div><!-- \/.team-one__item__image -->\r\n\t\t\t\t\t\t\t<div class=\"team-one__item__content\">\r\n\t\t\t\t\t\t\t\t\t\t\t\t\t\t\t\t\t<div class=\"team-one__item__social\">\r\n\t\t\t\t\t\t\t\t\t\t  <a href=\"https:\/\/web.facebook.com\/\">\r\n    <i class=\"fab fa-facebook-f\"><\/i>\r\n<\/a>\r\n<a href=\"https:\/\/twitter.com\">\r\n    <i class=\"fab fa-twitter\"><\/i>\r\n<\/a>\r\n<a href=\"https:\/\/instagram.com\">\r\n    <i class=\"fab fa-instagram\"><\/i>\r\n<\/a>\r\n<a href=\"https:\/\/www.youtube.com\/\">\r\n    <i class=\"fab fa-youtube\"><\/i>\r\n<\/a>\t\t\t\t\t\t\t\t\t<\/div>\r\n\t\t\t\t\t\t\t\t\t\t\t\t\t\t\t\t<h3 class=\"team-one__item__title\">\r\n\t\t\t\t\t\t\t\t\t<a href=\"#\"  >Luc Magloire ELANGA<\/a>\r\n\t\t\t\t\t\t\t\t<\/h3><!-- \/.team-one__item__title -->\r\n\t\t\t\t\t\t\t\t<p class=\"team-one__item__designation\">Dffuseur 02<\/p><!-- \/.team-one__item__designation -->\r\n\t\t\t\t\t\t\t<\/div><!-- \/.team-card__content -->\r\n\t\t\t\t\t\t<\/div><!-- \/.team-one__item -->\r\n\t\t\t\t\t<\/div><!-- \/.col-md-6 col-lg-4 -->\r\n\t\t\t\t\t\t\t\t\t<div class=\"col-md-6 col-lg-4\">\r\n\t\t\t\t\t\t<div class=\"team-one__item team-one__item--five wow fadeInUp\" data-wow-delay=\"00ms\" style=\"--accent-color: ;\">\r\n\t\t\t\t\t\t\t<div class=\"team-one__item__hover-shape\" style=\"background-image: url();\"><\/div>\r\n\t\t\t\t\t\t\t<div class=\"team-one__item__shape\" style=\"background-image: url(https:\/\/www.ntvlive.net\/wp-content\/uploads\/2024\/08\/team-1-shape-5.png);\"><\/div>\r\n\t\t\t\t\t\t\t<div class=\"team-one__item__image\">\r\n\t\t\t\t\t\t\t\t<img decoding=\"async\" src=\"https:\/\/ntvlive.net\/wp-content\/uploads\/2026\/01\/IMG_0360-e1768954206465_lwsoptimized.avif\" alt=\"\" >\t\t\t\t\t\t\t<\/div><!-- \/.team-one__item__image -->\r\n\t\t\t\t\t\t\t<div class=\"team-one__item__content\">\r\n\t\t\t\t\t\t\t\t\t\t\t\t\t\t\t\t\t<div class=\"team-one__item__social\">\r\n\t\t\t\t\t\t\t\t\t\t  <a href=\"https:\/\/web.facebook.com\/\">\r\n    <i class=\"fab fa-facebook-f\"><\/i>\r\n<\/a>\r\n<a href=\"https:\/\/twitter.com\">\r\n    <i class=\"fab fa-twitter\"><\/i>\r\n<\/a>\r\n<a href=\"https:\/\/instagram.com\">\r\n    <i class=\"fab fa-instagram\"><\/i>\r\n<\/a>\r\n<a href=\"https:\/\/www.youtube.com\/\">\r\n    <i class=\"fab fa-youtube\"><\/i>\r\n<\/a>\t\t\t\t\t\t\t\t\t<\/div>\r\n\t\t\t\t\t\t\t\t\t\t\t\t\t\t\t\t<h3 class=\"team-one__item__title\">\r\n\t\t\t\t\t\t\t\t\t<a href=\"#\"  >Patrick DOSSINE<\/a>\r\n\t\t\t\t\t\t\t\t<\/h3><!-- \/.team-one__item__title -->\r\n\t\t\t\t\t\t\t\t<p class=\"team-one__item__designation\">Designer<\/p><!-- \/.team-one__item__designation -->\r\n\t\t\t\t\t\t\t<\/div><!-- \/.team-card__content -->\r\n\t\t\t\t\t\t<\/div><!-- \/.team-one__item -->\r\n\t\t\t\t\t<\/div><!-- \/.col-md-6 col-lg-4 -->\r\n\t\t\t\t\t\t\t<\/div><!-- \/.row -->\r\n\t\t<\/div><!-- \/.container -->\r\n\t<\/section>\r\n\t\t\t\t<\/div>\n\t\t\t\t<\/div>\n\t\t\t\t<\/div>\n\t\t\t\t<\/div>","protected":false},"excerpt":{"rendered":"<p>Pierre Bl\u00e9riot NYEMECK Pr\u00e9sident &#8211; Directeur G\u00e9neral Francis BINYEGUI Directeur Technique Salom\u00e9 Ines NYEMECK Directrice Administrative et Financiere Bernard Armel BASSONG Conseil Juridique Claudia Gertrude NTSA Journaliste Parfait MILANGA Comptable Beaugelin DONLEUFACK Diffuseur 01 Luc Magloire ELANGA Dffuseur 02 Patrick DOSSINE Designer<\/p>","protected":false},"author":1,"featured_media":0,"parent":0,"menu_order":0,"comment_status":"closed","ping_status":"closed","template":"elementor_header_footer","meta":{"_analytify_skip_tracking":false,"footnotes":""},"class_list":["post-406","page","type-page","status-publish","hentry"],"yoast_head":"<!-- This site is optimized with the Yoast SEO Premium plugin v26.7 (Yoast SEO v26.8) - https:\/\/yoast.com\/product\/yoast-seo-premium-wordpress\/ -->\n<title>Notre \u00c9quipe - NTV<\/title>\n<meta name=\"robots\" content=\"index, follow, max-snippet:-1, max-image-preview:large, max-video-preview:-1\" \/>\n<link rel=\"canonical\" href=\"https:\/\/ntvlive.net\/en\/our-team\/\" \/>\n<meta property=\"og:locale\" content=\"en_US\" \/>\n<meta property=\"og:type\" content=\"article\" \/>\n<meta property=\"og:title\" content=\"Notre \u00c9quipe\" \/>\n<meta property=\"og:description\" content=\"Pierre Bl\u00e9riot NYEMECK Pr\u00e9sident &#8211; Directeur G\u00e9neral Francis BINYEGUI Directeur Technique Salom\u00e9 Ines NYEMECK Directrice Administrative et Financiere Bernard Armel BASSONG Conseil Juridique Claudia Gertrude NTSA Journaliste Parfait MILANGA Comptable Beaugelin DONLEUFACK Diffuseur 01 Luc Magloire ELANGA Dffuseur 02 Patrick DOSSINE Designer\" \/>\n<meta property=\"og:url\" content=\"https:\/\/ntvlive.net\/en\/our-team\/\" \/>\n<meta property=\"og:site_name\" content=\"NTV\" \/>\n<meta property=\"article:modified_time\" content=\"2026-01-23T13:57:01+00:00\" \/>\n<meta property=\"og:image\" content=\"https:\/\/www.ntvlive.net\/wp-content\/uploads\/2026\/01\/motion_photo_5470789534966971540.jpg_lwsoptimized.avif\" \/>\n<meta name=\"twitter:card\" content=\"summary_large_image\" \/>\n<meta name=\"twitter:label1\" content=\"Est. reading time\" \/>\n\t<meta name=\"twitter:data1\" content=\"3 minutes\" \/>\n<script type=\"application\/ld+json\" class=\"yoast-schema-graph\">{\"@context\":\"https:\/\/schema.org\",\"@graph\":[{\"@type\":\"WebPage\",\"@id\":\"https:\/\/ntvlive.net\/our-team\/\",\"url\":\"https:\/\/ntvlive.net\/our-team\/\",\"name\":\"Notre \u00c9quipe - NTV\",\"isPartOf\":{\"@id\":\"https:\/\/ntvlive.net\/#website\"},\"primaryImageOfPage\":{\"@id\":\"https:\/\/ntvlive.net\/our-team\/#primaryimage\"},\"image\":{\"@id\":\"https:\/\/ntvlive.net\/our-team\/#primaryimage\"},\"thumbnailUrl\":\"https:\/\/www.ntvlive.net\/wp-content\/uploads\/2026\/01\/motion_photo_5470789534966971540.jpg_lwsoptimized.avif\",\"datePublished\":\"2024-08-10T06:41:38+00:00\",\"dateModified\":\"2026-01-23T13:57:01+00:00\",\"breadcrumb\":{\"@id\":\"https:\/\/ntvlive.net\/our-team\/#breadcrumb\"},\"inLanguage\":\"en-US\",\"potentialAction\":[{\"@type\":\"ReadAction\",\"target\":[\"https:\/\/ntvlive.net\/our-team\/\"]}]},{\"@type\":\"ImageObject\",\"inLanguage\":\"en-US\",\"@id\":\"https:\/\/ntvlive.net\/our-team\/#primaryimage\",\"url\":\"https:\/\/www.ntvlive.net\/wp-content\/uploads\/2026\/01\/motion_photo_5470789534966971540.jpg_lwsoptimized.avif\",\"contentUrl\":\"https:\/\/www.ntvlive.net\/wp-content\/uploads\/2026\/01\/motion_photo_5470789534966971540.jpg_lwsoptimized.avif\"},{\"@type\":\"BreadcrumbList\",\"@id\":\"https:\/\/ntvlive.net\/our-team\/#breadcrumb\",\"itemListElement\":[{\"@type\":\"ListItem\",\"position\":1,\"name\":\"Accueil\",\"item\":\"https:\/\/ntvlive.net\/\"},{\"@type\":\"ListItem\",\"position\":2,\"name\":\"Notre \u00c9quipe\"}]},{\"@type\":\"WebSite\",\"@id\":\"https:\/\/ntvlive.net\/#website\",\"url\":\"https:\/\/ntvlive.net\/\",\"name\":\"NTV\",\"description\":\"La Voix des Camerounais d\u2019ici et d&#039;ailleurs\",\"publisher\":{\"@id\":\"https:\/\/ntvlive.net\/#organization\"},\"potentialAction\":[{\"@type\":\"SearchAction\",\"target\":{\"@type\":\"EntryPoint\",\"urlTemplate\":\"https:\/\/ntvlive.net\/?s={search_term_string}\"},\"query-input\":{\"@type\":\"PropertyValueSpecification\",\"valueRequired\":true,\"valueName\":\"search_term_string\"}}],\"inLanguage\":\"en-US\"},{\"@type\":\"Organization\",\"@id\":\"https:\/\/ntvlive.net\/#organization\",\"name\":\"NTV\",\"url\":\"https:\/\/ntvlive.net\/\",\"logo\":{\"@type\":\"ImageObject\",\"inLanguage\":\"en-US\",\"@id\":\"https:\/\/ntvlive.net\/#\/schema\/logo\/image\/\",\"url\":\"https:\/\/ntvlive.net\/wp-content\/uploads\/2026\/01\/cropped-Logo-NTV-3_Plan-de-travail-1-copie-2.avif\",\"contentUrl\":\"https:\/\/ntvlive.net\/wp-content\/uploads\/2026\/01\/cropped-Logo-NTV-3_Plan-de-travail-1-copie-2.avif\",\"width\":1920,\"height\":584,\"caption\":\"NTV\"},\"image\":{\"@id\":\"https:\/\/ntvlive.net\/#\/schema\/logo\/image\/\"}}]}<\/script>\n<!-- \/ Yoast SEO Premium plugin. -->","yoast_head_json":{"title":"Our Team - NTV","robots":{"index":"index","follow":"follow","max-snippet":"max-snippet:-1","max-image-preview":"max-image-preview:large","max-video-preview":"max-video-preview:-1"},"canonical":"https:\/\/ntvlive.net\/en\/our-team\/","og_locale":"en_US","og_type":"article","og_title":"Notre \u00c9quipe","og_description":"Pierre Bl\u00e9riot NYEMECK Pr\u00e9sident &#8211; Directeur G\u00e9neral Francis BINYEGUI Directeur Technique Salom\u00e9 Ines NYEMECK Directrice Administrative et Financiere Bernard Armel BASSONG Conseil Juridique Claudia Gertrude NTSA Journaliste Parfait MILANGA Comptable Beaugelin DONLEUFACK Diffuseur 01 Luc Magloire ELANGA Dffuseur 02 Patrick DOSSINE Designer","og_url":"https:\/\/ntvlive.net\/en\/our-team\/","og_site_name":"NTV","article_modified_time":"2026-01-23T13:57:01+00:00","og_image":[{"url":"https:\/\/www.ntvlive.net\/wp-content\/uploads\/2026\/01\/motion_photo_5470789534966971540.jpg_lwsoptimized.avif","type":"","width":"","height":""}],"twitter_card":"summary_large_image","twitter_misc":{"Est. reading time":"3 minutes"},"schema":{"@context":"https:\/\/schema.org","@graph":[{"@type":"WebPage","@id":"https:\/\/ntvlive.net\/our-team\/","url":"https:\/\/ntvlive.net\/our-team\/","name":"Our Team - NTV","isPartOf":{"@id":"https:\/\/ntvlive.net\/#website"},"primaryImageOfPage":{"@id":"https:\/\/ntvlive.net\/our-team\/#primaryimage"},"image":{"@id":"https:\/\/ntvlive.net\/our-team\/#primaryimage"},"thumbnailUrl":"https:\/\/www.ntvlive.net\/wp-content\/uploads\/2026\/01\/motion_photo_5470789534966971540.jpg_lwsoptimized.avif","datePublished":"2024-08-10T06:41:38+00:00","dateModified":"2026-01-23T13:57:01+00:00","breadcrumb":{"@id":"https:\/\/ntvlive.net\/our-team\/#breadcrumb"},"inLanguage":"en-US","potentialAction":[{"@type":"ReadAction","target":["https:\/\/ntvlive.net\/our-team\/"]}]},{"@type":"ImageObject","inLanguage":"en-US","@id":"https:\/\/ntvlive.net\/our-team\/#primaryimage","url":"https:\/\/www.ntvlive.net\/wp-content\/uploads\/2026\/01\/motion_photo_5470789534966971540.jpg_lwsoptimized.avif","contentUrl":"https:\/\/www.ntvlive.net\/wp-content\/uploads\/2026\/01\/motion_photo_5470789534966971540.jpg_lwsoptimized.avif"},{"@type":"BreadcrumbList","@id":"https:\/\/ntvlive.net\/our-team\/#breadcrumb","itemListElement":[{"@type":"ListItem","position":1,"name":"Accueil","item":"https:\/\/ntvlive.net\/"},{"@type":"ListItem","position":2,"name":"Notre \u00c9quipe"}]},{"@type":"WebSite","@id":"https:\/\/ntvlive.net\/#website","url":"https:\/\/ntvlive.net\/","name":"NTV","description":"The Voice of Cameroonians from near and far","publisher":{"@id":"https:\/\/ntvlive.net\/#organization"},"potentialAction":[{"@type":"SearchAction","target":{"@type":"EntryPoint","urlTemplate":"https:\/\/ntvlive.net\/?s={search_term_string}"},"query-input":{"@type":"PropertyValueSpecification","valueRequired":true,"valueName":"search_term_string"}}],"inLanguage":"en-US"},{"@type":"Organization","@id":"https:\/\/ntvlive.net\/#organization","name":"NTV","url":"https:\/\/ntvlive.net\/","logo":{"@type":"ImageObject","inLanguage":"en-US","@id":"https:\/\/ntvlive.net\/#\/schema\/logo\/image\/","url":"https:\/\/ntvlive.net\/wp-content\/uploads\/2026\/01\/cropped-Logo-NTV-3_Plan-de-travail-1-copie-2.avif","contentUrl":"https:\/\/ntvlive.net\/wp-content\/uploads\/2026\/01\/cropped-Logo-NTV-3_Plan-de-travail-1-copie-2.avif","width":1920,"height":584,"caption":"NTV"},"image":{"@id":"https:\/\/ntvlive.net\/#\/schema\/logo\/image\/"}}]}},"_links":{"self":[{"href":"https:\/\/ntvlive.net\/en\/wp-json\/wp\/v2\/pages\/406","targetHints":{"allow":["GET"]}}],"collection":[{"href":"https:\/\/ntvlive.net\/en\/wp-json\/wp\/v2\/pages"}],"about":[{"href":"https:\/\/ntvlive.net\/en\/wp-json\/wp\/v2\/types\/page"}],"author":[{"embeddable":true,"href":"https:\/\/ntvlive.net\/en\/wp-json\/wp\/v2\/users\/1"}],"replies":[{"embeddable":true,"href":"https:\/\/ntvlive.net\/en\/wp-json\/wp\/v2\/comments?post=406"}],"version-history":[{"count":50,"href":"https:\/\/ntvlive.net\/en\/wp-json\/wp\/v2\/pages\/406\/revisions"}],"predecessor-version":[{"id":3559,"href":"https:\/\/ntvlive.net\/en\/wp-json\/wp\/v2\/pages\/406\/revisions\/3559"}],"wp:attachment":[{"href":"https:\/\/ntvlive.net\/en\/wp-json\/wp\/v2\/media?parent=406"}],"curies":[{"name":"wp","href":"https:\/\/api.w.org\/{rel}","templated":true}]}}