{"id":80,"date":"2024-08-08T05:02:06","date_gmt":"2024-08-08T05:02:06","guid":{"rendered":"http:\/\/ienet-demo.local\/?page_id=80"},"modified":"2026-01-18T17:42:20","modified_gmt":"2026-01-18T17:42:20","slug":"faq","status":"publish","type":"page","link":"https:\/\/ntvlive.net\/en\/faq\/","title":{"rendered":"FAQ"},"content":{"rendered":"<div data-elementor-type=\"wp-page\" data-elementor-id=\"80\" class=\"elementor elementor-80\">\n\t\t\t\t<div class=\"elementor-element elementor-element-98cfbdc e-con-full e-flex e-con e-parent\" data-id=\"98cfbdc\" data-element_type=\"container\" data-e-type=\"container\">\n\t\t\t\t<div class=\"elementor-element elementor-element-79f21c8 elementor-widget elementor-widget-ienet-search-box\" data-id=\"79f21c8\" data-element_type=\"widget\" data-e-type=\"widget\" data-widget_type=\"ienet-search-box.default\">\n\t\t\t\t<div class=\"elementor-widget-container\">\n\t\t\t\t\t\r\n    <section class=\"faq-page-search\">\r\n        <div class=\"container\">\r\n            <h3 class=\"faq-page-search__title\">Search for your <span>questions<\/span><br> here<\/h3>            <form method=\"get\" action=\"https:\/\/ntvlive.net\/en\/\" class=\"faq-page-search__form\" data-trp-original-action=\"https:\/\/ntvlive.net\/en\/\">\r\n                <input type=\"text\" id=\"error-search\" name=\"s\" placeholder=\"Search here\" \/>\r\n                <button type=\"submit\" class=\"faq-page-search__form__btn\">\r\n                    <i class=\"icon-search\"><\/i>\r\n                <\/button>\r\n            <input type=\"hidden\" name=\"trp-form-language\" value=\"en\"\/><\/form><!-- \/.faq-page-search__form -->\r\n        <\/div><!-- \/.container -->\r\n    <\/section><!-- \/.faq-page-search -->\r\n\t\t\t\t<\/div>\n\t\t\t\t<\/div>\n\t\t\t\t<\/div>\n\t\t<div class=\"elementor-element elementor-element-c1119e0 e-con-full e-flex e-con e-parent\" data-id=\"c1119e0\" data-element_type=\"container\" data-e-type=\"container\">\n\t\t\t\t<div class=\"elementor-element elementor-element-161784b elementor-widget elementor-widget-ienet-faq\" data-id=\"161784b\" data-element_type=\"widget\" data-e-type=\"widget\" data-widget_type=\"ienet-faq.default\">\n\t\t\t\t<div class=\"elementor-widget-container\">\n\t\t\t\t\t    <section class=\"faq-one faq-one--page\">\r\n                    <div class=\"faq-one__bg\" style=\"background-image: url(https:\/\/ienetwp.bracketweb.com\/wp-content\/uploads\/2024\/08\/faq-bg-3-1.png);\"><\/div>\r\n                <div class=\"container\">\r\n            <div class=\"row\">\r\n                <div class=\"col-lg-6\">\r\n                    <div class=\"faq-one__content\">\r\n                        <div class=\"faq-one--page__image\">\r\n                            <img decoding=\"async\" src=\"https:\/\/ntvlive.net\/wp-content\/uploads\/2025\/04\/service-contact-bg-1_lwsoptimized.webp\" alt=\"\" >                        <\/div>\r\n                                                    <div class=\"about-two__content__box\">\r\n                                <div class=\"about-two__content__box__icon\"><i aria-hidden=\"true\" class=\"icon-world\"><\/i><\/div>\r\n                                <h5 class=\"about-two__content__box__title\">Live broadcasting<\/h5>\r\n                                <p class=\"about-two__content__box__text\">\r\n                                    NTV brings you real-time coverage of Cameroonian and international news, thanks to our network of journalists and dedicated technical teams, 24\/7.                                <\/p>\r\n                            <\/div>\r\n                                                    <div class=\"about-two__content__box\">\r\n                                <div class=\"about-two__content__box__icon\"><i aria-hidden=\"true\" class=\"icon-wifi-router\"><\/i><\/div>\r\n                                <h5 class=\"about-two__content__box__title\">Total accessibility<\/h5>\r\n                                <p class=\"about-two__content__box__text\">\r\n                                    NTV breaks down borders. From Yaound\u00e9 or abroad, join our community in one click on ntvlive.net. Watch, react and participate in real time. Your channel, free and accessible to all, without intermediaries.                                <\/p>\r\n                            <\/div>\r\n                                            <\/div><!-- \/.faq-one__contact -->\r\n                <\/div><!-- \/.col-lg-6 -->\r\n                <div class=\"col-lg-6\">\r\n                    <div class=\"faq-one__accordion ienet-accrodion\" data-grp-name=\"ienet-accrodion\">\r\n                                                    <div class=\"accrodion\">\r\n                                <div class=\"accrodion-title\">\r\n                                    <h4>\r\n                                        <span class=\"accrodion-title__icon\"><\/span><!-- \/.accrodion-title__icon -->\r\n                                        What kind of programming does NTV offer?                                    <\/h4>\r\n                                <\/div><!-- \/.accordian-title -->\r\n                                <div class=\"accrodion-content\">\r\n                                    <div class=\"inner\">\r\n                                        <p>\r\n                                            Answer: NTV offers general programming: news, debates, cultural magazines, sports, entertainment and special programs for the diaspora.                                        <\/p>\r\n                                    <\/div><!-- \/.accordian-content -->\r\n                                <\/div>\r\n                            <\/div><!-- \/.accordian-item -->\r\n                                                    <div class=\"accrodion active\">\r\n                                <div class=\"accrodion-title\">\r\n                                    <h4>\r\n                                        <span class=\"accrodion-title__icon\"><\/span><!-- \/.accrodion-title__icon -->\r\n                                        How do I submit a topic or take part in a show?                                    <\/h4>\r\n                                <\/div><!-- \/.accordian-title -->\r\n                                <div class=\"accrodion-content\">\r\n                                    <div class=\"inner\">\r\n                                        <p>\r\n                                            Answer: You can contact us by email at redaction@ntvlive.net. or via our social networks. Our editorial team will consider all proposals.                                        <\/p>\r\n                                    <\/div><!-- \/.accordian-content -->\r\n                                <\/div>\r\n                            <\/div><!-- \/.accordian-item -->\r\n                                                    <div class=\"accrodion\">\r\n                                <div class=\"accrodion-title\">\r\n                                    <h4>\r\n                                        <span class=\"accrodion-title__icon\"><\/span><!-- \/.accrodion-title__icon -->\r\n                                        Does NTV broadcast in high definition (HD)?                                    <\/h4>\r\n                                <\/div><!-- \/.accordian-title -->\r\n                                <div class=\"accrodion-content\">\r\n                                    <div class=\"inner\">\r\n                                        <p>\r\n                                            Answer: Yes, NTV broadcasts in high definition for an optimal viewing experience.                                        <\/p>\r\n                                    <\/div><!-- \/.accordian-content -->\r\n                                <\/div>\r\n                            <\/div><!-- \/.accordian-item -->\r\n                                                    <div class=\"accrodion\">\r\n                                <div class=\"accrodion-title\">\r\n                                    <h4>\r\n                                        <span class=\"accrodion-title__icon\"><\/span><!-- \/.accrodion-title__icon -->\r\n                                        Can I watch the programs I've missed again?                                    <\/h4>\r\n                                <\/div><!-- \/.accordian-title -->\r\n                                <div class=\"accrodion-content\">\r\n                                    <div class=\"inner\">\r\n                                        <p>\r\n                                            Answer: Yes, we offer a replay service on our website. Shows are available after they have been broadcast.                                        <\/p>\r\n                                    <\/div><!-- \/.accordian-content -->\r\n                                <\/div>\r\n                            <\/div><!-- \/.accordian-item -->\r\n                                            <\/div>\r\n                <\/div><!-- \/.col-lg-6 -->\r\n            <\/div><!-- \/.row -->\r\n        <\/div><!-- \/.container -->\r\n    <\/section><!-- \/.faq-one -->\r\n\t\t\t\t<\/div>\n\t\t\t\t<\/div>\n\t\t\t\t<\/div>\n\t\t\t\t<\/div>","protected":false},"excerpt":{"rendered":"<p>Recherchez vos questions ici Diffusion en direct NTV vous assure une couverture en temps r\u00e9el de l&#8217;actualit\u00e9 camerounaise et internationale gr\u00e2ce \u00e0 notre r\u00e9seau de journalistes et \u00e9quipes techniques d\u00e9di\u00e9es, 24h\/24 et 7j\/7. Accessibilit\u00e9 totale NTV brise les fronti\u00e8res. Depuis Yaound\u00e9 ou depuis l&#8217;\u00e9tranger, rejoignez notre communaut\u00e9 en un clic sur ntvlive.net. Regardez, r\u00e9agissez et [&hellip;]<\/p>","protected":false},"author":1,"featured_media":0,"parent":0,"menu_order":0,"comment_status":"closed","ping_status":"closed","template":"elementor_header_footer","meta":{"_analytify_skip_tracking":false,"footnotes":""},"class_list":["post-80","page","type-page","status-publish","hentry"],"yoast_head":"<!-- This site is optimized with the Yoast SEO Premium plugin v26.7 (Yoast SEO v26.8) - https:\/\/yoast.com\/product\/yoast-seo-premium-wordpress\/ -->\n<title>FAQ - NTV<\/title>\n<meta name=\"robots\" content=\"index, follow, max-snippet:-1, max-image-preview:large, max-video-preview:-1\" \/>\n<link rel=\"canonical\" href=\"https:\/\/ntvlive.net\/en\/faq\/\" \/>\n<meta property=\"og:locale\" content=\"en_US\" \/>\n<meta property=\"og:type\" content=\"article\" \/>\n<meta property=\"og:title\" content=\"FAQ\" \/>\n<meta property=\"og:description\" content=\"Recherchez vos questions ici Diffusion en direct NTV vous assure une couverture en temps r\u00e9el de l&#8217;actualit\u00e9 camerounaise et internationale gr\u00e2ce \u00e0 notre r\u00e9seau de journalistes et \u00e9quipes techniques d\u00e9di\u00e9es, 24h\/24 et 7j\/7. Accessibilit\u00e9 totale NTV brise les fronti\u00e8res. Depuis Yaound\u00e9 ou depuis l&#8217;\u00e9tranger, rejoignez notre communaut\u00e9 en un clic sur ntvlive.net. Regardez, r\u00e9agissez et [&hellip;]\" \/>\n<meta property=\"og:url\" content=\"https:\/\/ntvlive.net\/en\/faq\/\" \/>\n<meta property=\"og:site_name\" content=\"NTV\" \/>\n<meta property=\"article:modified_time\" content=\"2026-01-18T17:42:20+00:00\" \/>\n<meta property=\"og:image\" content=\"https:\/\/www.ntvlive.net\/wp-content\/uploads\/2025\/04\/service-contact-bg-1.jpg\" \/>\n<meta name=\"twitter:card\" content=\"summary_large_image\" \/>\n<meta name=\"twitter:label1\" content=\"Est. reading time\" \/>\n\t<meta name=\"twitter:data1\" content=\"1 minute\" \/>\n<script type=\"application\/ld+json\" class=\"yoast-schema-graph\">{\"@context\":\"https:\/\/schema.org\",\"@graph\":[{\"@type\":\"WebPage\",\"@id\":\"https:\/\/ntvlive.net\/faq\/\",\"url\":\"https:\/\/ntvlive.net\/faq\/\",\"name\":\"FAQ - NTV\",\"isPartOf\":{\"@id\":\"https:\/\/ntvlive.net\/#website\"},\"primaryImageOfPage\":{\"@id\":\"https:\/\/ntvlive.net\/faq\/#primaryimage\"},\"image\":{\"@id\":\"https:\/\/ntvlive.net\/faq\/#primaryimage\"},\"thumbnailUrl\":\"https:\/\/www.ntvlive.net\/wp-content\/uploads\/2025\/04\/service-contact-bg-1.jpg\",\"datePublished\":\"2024-08-08T05:02:06+00:00\",\"dateModified\":\"2026-01-18T17:42:20+00:00\",\"breadcrumb\":{\"@id\":\"https:\/\/ntvlive.net\/faq\/#breadcrumb\"},\"inLanguage\":\"en-US\",\"potentialAction\":[{\"@type\":\"ReadAction\",\"target\":[\"https:\/\/ntvlive.net\/faq\/\"]}]},{\"@type\":\"ImageObject\",\"inLanguage\":\"en-US\",\"@id\":\"https:\/\/ntvlive.net\/faq\/#primaryimage\",\"url\":\"https:\/\/www.ntvlive.net\/wp-content\/uploads\/2025\/04\/service-contact-bg-1.jpg\",\"contentUrl\":\"https:\/\/www.ntvlive.net\/wp-content\/uploads\/2025\/04\/service-contact-bg-1.jpg\"},{\"@type\":\"BreadcrumbList\",\"@id\":\"https:\/\/ntvlive.net\/faq\/#breadcrumb\",\"itemListElement\":[{\"@type\":\"ListItem\",\"position\":1,\"name\":\"Accueil\",\"item\":\"https:\/\/ntvlive.net\/\"},{\"@type\":\"ListItem\",\"position\":2,\"name\":\"FAQ\"}]},{\"@type\":\"WebSite\",\"@id\":\"https:\/\/ntvlive.net\/#website\",\"url\":\"https:\/\/ntvlive.net\/\",\"name\":\"NTV\",\"description\":\"La Voix des Camerounais d\u2019ici et d&#039;ailleurs\",\"publisher\":{\"@id\":\"https:\/\/ntvlive.net\/#organization\"},\"potentialAction\":[{\"@type\":\"SearchAction\",\"target\":{\"@type\":\"EntryPoint\",\"urlTemplate\":\"https:\/\/ntvlive.net\/?s={search_term_string}\"},\"query-input\":{\"@type\":\"PropertyValueSpecification\",\"valueRequired\":true,\"valueName\":\"search_term_string\"}}],\"inLanguage\":\"en-US\"},{\"@type\":\"Organization\",\"@id\":\"https:\/\/ntvlive.net\/#organization\",\"name\":\"NTV\",\"url\":\"https:\/\/ntvlive.net\/\",\"logo\":{\"@type\":\"ImageObject\",\"inLanguage\":\"en-US\",\"@id\":\"https:\/\/ntvlive.net\/#\/schema\/logo\/image\/\",\"url\":\"https:\/\/ntvlive.net\/wp-content\/uploads\/2026\/01\/cropped-Logo-NTV-3_Plan-de-travail-1-copie-2.avif\",\"contentUrl\":\"https:\/\/ntvlive.net\/wp-content\/uploads\/2026\/01\/cropped-Logo-NTV-3_Plan-de-travail-1-copie-2.avif\",\"width\":1920,\"height\":584,\"caption\":\"NTV\"},\"image\":{\"@id\":\"https:\/\/ntvlive.net\/#\/schema\/logo\/image\/\"}}]}<\/script>\n<!-- \/ Yoast SEO Premium plugin. -->","yoast_head_json":{"title":"FAQ - NTV","robots":{"index":"index","follow":"follow","max-snippet":"max-snippet:-1","max-image-preview":"max-image-preview:large","max-video-preview":"max-video-preview:-1"},"canonical":"https:\/\/ntvlive.net\/en\/faq\/","og_locale":"en_US","og_type":"article","og_title":"FAQ","og_description":"Recherchez vos questions ici Diffusion en direct NTV vous assure une couverture en temps r\u00e9el de l&#8217;actualit\u00e9 camerounaise et internationale gr\u00e2ce \u00e0 notre r\u00e9seau de journalistes et \u00e9quipes techniques d\u00e9di\u00e9es, 24h\/24 et 7j\/7. Accessibilit\u00e9 totale NTV brise les fronti\u00e8res. Depuis Yaound\u00e9 ou depuis l&#8217;\u00e9tranger, rejoignez notre communaut\u00e9 en un clic sur ntvlive.net. Regardez, r\u00e9agissez et [&hellip;]","og_url":"https:\/\/ntvlive.net\/en\/faq\/","og_site_name":"NTV","article_modified_time":"2026-01-18T17:42:20+00:00","og_image":[{"url":"https:\/\/www.ntvlive.net\/wp-content\/uploads\/2025\/04\/service-contact-bg-1.jpg","type":"","width":"","height":""}],"twitter_card":"summary_large_image","twitter_misc":{"Est. reading time":"1 minute"},"schema":{"@context":"https:\/\/schema.org","@graph":[{"@type":"WebPage","@id":"https:\/\/ntvlive.net\/faq\/","url":"https:\/\/ntvlive.net\/faq\/","name":"FAQ - NTV","isPartOf":{"@id":"https:\/\/ntvlive.net\/#website"},"primaryImageOfPage":{"@id":"https:\/\/ntvlive.net\/faq\/#primaryimage"},"image":{"@id":"https:\/\/ntvlive.net\/faq\/#primaryimage"},"thumbnailUrl":"https:\/\/www.ntvlive.net\/wp-content\/uploads\/2025\/04\/service-contact-bg-1.jpg","datePublished":"2024-08-08T05:02:06+00:00","dateModified":"2026-01-18T17:42:20+00:00","breadcrumb":{"@id":"https:\/\/ntvlive.net\/faq\/#breadcrumb"},"inLanguage":"en-US","potentialAction":[{"@type":"ReadAction","target":["https:\/\/ntvlive.net\/faq\/"]}]},{"@type":"ImageObject","inLanguage":"en-US","@id":"https:\/\/ntvlive.net\/faq\/#primaryimage","url":"https:\/\/www.ntvlive.net\/wp-content\/uploads\/2025\/04\/service-contact-bg-1.jpg","contentUrl":"https:\/\/www.ntvlive.net\/wp-content\/uploads\/2025\/04\/service-contact-bg-1.jpg"},{"@type":"BreadcrumbList","@id":"https:\/\/ntvlive.net\/faq\/#breadcrumb","itemListElement":[{"@type":"ListItem","position":1,"name":"Accueil","item":"https:\/\/ntvlive.net\/"},{"@type":"ListItem","position":2,"name":"FAQ"}]},{"@type":"WebSite","@id":"https:\/\/ntvlive.net\/#website","url":"https:\/\/ntvlive.net\/","name":"NTV","description":"The Voice of Cameroonians from near and far","publisher":{"@id":"https:\/\/ntvlive.net\/#organization"},"potentialAction":[{"@type":"SearchAction","target":{"@type":"EntryPoint","urlTemplate":"https:\/\/ntvlive.net\/?s={search_term_string}"},"query-input":{"@type":"PropertyValueSpecification","valueRequired":true,"valueName":"search_term_string"}}],"inLanguage":"en-US"},{"@type":"Organization","@id":"https:\/\/ntvlive.net\/#organization","name":"NTV","url":"https:\/\/ntvlive.net\/","logo":{"@type":"ImageObject","inLanguage":"en-US","@id":"https:\/\/ntvlive.net\/#\/schema\/logo\/image\/","url":"https:\/\/ntvlive.net\/wp-content\/uploads\/2026\/01\/cropped-Logo-NTV-3_Plan-de-travail-1-copie-2.avif","contentUrl":"https:\/\/ntvlive.net\/wp-content\/uploads\/2026\/01\/cropped-Logo-NTV-3_Plan-de-travail-1-copie-2.avif","width":1920,"height":584,"caption":"NTV"},"image":{"@id":"https:\/\/ntvlive.net\/#\/schema\/logo\/image\/"}}]}},"_links":{"self":[{"href":"https:\/\/ntvlive.net\/en\/wp-json\/wp\/v2\/pages\/80","targetHints":{"allow":["GET"]}}],"collection":[{"href":"https:\/\/ntvlive.net\/en\/wp-json\/wp\/v2\/pages"}],"about":[{"href":"https:\/\/ntvlive.net\/en\/wp-json\/wp\/v2\/types\/page"}],"author":[{"embeddable":true,"href":"https:\/\/ntvlive.net\/en\/wp-json\/wp\/v2\/users\/1"}],"replies":[{"embeddable":true,"href":"https:\/\/ntvlive.net\/en\/wp-json\/wp\/v2\/comments?post=80"}],"version-history":[{"count":12,"href":"https:\/\/ntvlive.net\/en\/wp-json\/wp\/v2\/pages\/80\/revisions"}],"predecessor-version":[{"id":2787,"href":"https:\/\/ntvlive.net\/en\/wp-json\/wp\/v2\/pages\/80\/revisions\/2787"}],"wp:attachment":[{"href":"https:\/\/ntvlive.net\/en\/wp-json\/wp\/v2\/media?parent=80"}],"curies":[{"name":"wp","href":"https:\/\/api.w.org\/{rel}","templated":true}]}}