{"id":90,"date":"2024-08-08T05:06:05","date_gmt":"2024-08-08T05:06:05","guid":{"rendered":"http:\/\/ienet-demo.local\/?page_id=90"},"modified":"2026-02-01T10:27:50","modified_gmt":"2026-02-01T10:27:50","slug":"contact","status":"publish","type":"page","link":"https:\/\/ntvlive.net\/en\/contact\/","title":{"rendered":"Contact"},"content":{"rendered":"<div data-elementor-type=\"wp-page\" data-elementor-id=\"90\" class=\"elementor elementor-90\">\n\t\t\t\t<div class=\"elementor-element elementor-element-1abb705 e-con-full e-flex e-con e-parent\" data-id=\"1abb705\" data-element_type=\"container\" data-e-type=\"container\">\n\t\t\t\t<div class=\"elementor-element elementor-element-b1c1885 elementor-widget elementor-widget-ienet-contact-form\" data-id=\"b1c1885\" data-element_type=\"widget\" data-e-type=\"widget\" data-widget_type=\"ienet-contact-form.default\">\n\t\t\t\t<div class=\"elementor-widget-container\">\n\t\t\t\t\t\t<section class=\"contact-one\">\r\n\t\t<div class=\"container\">\r\n\t\t\t<ul class=\"list-unstyled contact-one__info\">\r\n\t\t\t\t\t\t\t\t\t<li class=\"contact-one__info__item\">\r\n\t\t\t\t\t\t<div class=\"contact-one__info__icon\">\r\n\t\t\t\t\t\t\t<i aria-hidden=\"true\" class=\"icon-mail\"><\/i>\t\t\t\t\t\t<\/div><!-- \/.contact-one__info__icon -->\r\n\t\t\t\t\t\t<div class=\"contact-one__info__content\">\r\n\t\t\t\t\t\t\t<h4 class=\"contact-one__info__title\">Email<\/h4>\r\n\t\t\t\t\t\t\t<!-- \/.contact-one__info__title -->\r\n\t\t\t\t\t\t\t<p class=\"contact-one__info__text\">  <a href=\"mailto:info@ntvlive.net\">info@ntvlive.net<\/a><br>\n                                        <a><\/p><!-- \/.contact-one__info__text -->\r\n\t\t\t\t\t\t<\/div><!-- \/.contact-one__info__content -->\r\n\t\t\t\t\t<\/li>\r\n\t\t\t\t\t\t\t\t\t<li class=\"contact-one__info__item\">\r\n\t\t\t\t\t\t<div class=\"contact-one__info__icon\">\r\n\t\t\t\t\t\t\t<i aria-hidden=\"true\" class=\"icon-telephone\"><\/i>\t\t\t\t\t\t<\/div><!-- \/.contact-one__info__icon -->\r\n\t\t\t\t\t\t<div class=\"contact-one__info__content\">\r\n\t\t\t\t\t\t\t<h4 class=\"contact-one__info__title\">Contact Direct<\/h4>\r\n\t\t\t\t\t\t\t<!-- \/.contact-one__info__title -->\r\n\t\t\t\t\t\t\t<p class=\"contact-one__info__text\"> <a href=\"tel:+237 653 696 993\">+237 653 696 993<\/a><br>\n                                       <\/p><!-- \/.contact-one__info__text -->\r\n\t\t\t\t\t\t<\/div><!-- \/.contact-one__info__content -->\r\n\t\t\t\t\t<\/li>\r\n\t\t\t\t\t\t\t\t\t<li class=\"contact-one__info__item\">\r\n\t\t\t\t\t\t<div class=\"contact-one__info__icon\">\r\n\t\t\t\t\t\t\t<i aria-hidden=\"true\" class=\"icon-maps-and-flags\"><\/i>\t\t\t\t\t\t<\/div><!-- \/.contact-one__info__icon -->\r\n\t\t\t\t\t\t<div class=\"contact-one__info__content\">\r\n\t\t\t\t\t\t\t<h4 class=\"contact-one__info__title\">Location<\/h4>\r\n\t\t\t\t\t\t\t<!-- \/.contact-one__info__title -->\r\n\t\t\t\t\t\t\t<p class=\"contact-one__info__text\">Pharmacie du Stade, Omnisport, Yaound\u00e9, Cameroon<\/p><!-- \/.contact-one__info__text -->\r\n\t\t\t\t\t\t<\/div><!-- \/.contact-one__info__content -->\r\n\t\t\t\t\t<\/li>\r\n\t\t\t\t\t\t\t<\/ul><!-- \/.list-unstyled -->\r\n\t\t\t<div class=\"row\">\r\n\t\t\t\t<div class=\"col-lg-8\">\r\n\t\t\t\t\t<div class=\"contact-one__form contact-form-validated form-one wow fadeInUp\" data-wow-duration=\"1500ms\">\r\n\t\t\t\t\t\t\t\t\t\t\t\t\t<div class=\"sec-title\">\r\n\t\t\t\t\t\t\t\t<h6 class=\"sec-title__tagline bw-split-in-right\"><span class=\"sec-title__tagline__left-border\"><\/span>Staying connected<span class=\"sec-title__tagline__right-border\"><\/span><\/h6><!-- \/.sec-title__tagline -->\r\n\t\t\t\t\t\t\t\t<h3 class=\"sec-title__title bw-split-in-left\">Contact us <span>here <\/span><\/h3><!-- \/.sec-title__title -->\r\n\t\t\t\t\t\t\t<\/div><!-- \/.sec-title -->\r\n\t\t\t\t\t\t\t\t\t\t\t\t<div class=\"contact-one__form__bg\" style=\"background-image: url(https:\/\/ienetwp.bracketweb.com\/wp-content\/uploads\/2024\/08\/contact-bg-1.png);\"><\/div>\r\n\t\t\t\t\t\t<div class=\"wpcf7 no-js\" id=\"wpcf7-f524-o1\" lang=\"en-US\" dir=\"ltr\" data-wpcf7-id=\"524\">\n<div class=\"screen-reader-response\"><p role=\"status\" aria-live=\"polite\" aria-atomic=\"true\"><\/p> <ul><\/ul><\/div>\n<form action=\"\/en\/wp-json\/wp\/v2\/pages\/90#wpcf7-f524-o1\" method=\"post\" class=\"wpcf7-form init\" aria-label=\"Contact form\" novalidate=\"novalidate\" data-status=\"init\" data-trp-original-action=\"\/en\/wp-json\/wp\/v2\/pages\/90#wpcf7-f524-o1\">\n<fieldset class=\"hidden-fields-container\"><input type=\"hidden\" name=\"_wpcf7\" value=\"524\" \/><input type=\"hidden\" name=\"_wpcf7_version\" value=\"6.1.5\" \/><input type=\"hidden\" name=\"_wpcf7_locale\" value=\"en_US\" \/><input type=\"hidden\" name=\"_wpcf7_unit_tag\" value=\"wpcf7-f524-o1\" \/><input type=\"hidden\" name=\"_wpcf7_container_post\" value=\"0\" \/><input type=\"hidden\" name=\"_wpcf7_posted_data_hash\" value=\"\" \/>\n<\/fieldset>\n<div class=\"form-one__group\">\n    <div class=\"form-one__control\">\n        <span class=\"wpcf7-form-control-wrap\" data-name=\"text-462\"><input size=\"40\" maxlength=\"400\" class=\"wpcf7-form-control wpcf7-text wpcf7-validates-as-required\" aria-required=\"true\" aria-invalid=\"false\" placeholder=\"Last name(s) and first name(s)\" value=\"\" type=\"text\" name=\"text-462\" \/><\/span>\n    <\/div><!-- \/.form-one__control -->\n    <div class=\"form-one__control\">\n        <span class=\"wpcf7-form-control-wrap\" data-name=\"email-528\"><input size=\"40\" maxlength=\"400\" class=\"wpcf7-form-control wpcf7-email wpcf7-text wpcf7-validates-as-email\" aria-invalid=\"false\" placeholder=\"Email address\" value=\"\" type=\"email\" name=\"email-528\" \/><\/span>\n    <\/div><!-- \/.form-one__control -->\n     <div class=\"form-one__control\">\n        <span class=\"wpcf7-form-control-wrap\" data-name=\"text-45\"><input size=\"40\" maxlength=\"400\" class=\"wpcf7-form-control wpcf7-text wpcf7-validates-as-required\" aria-required=\"true\" aria-invalid=\"false\" placeholder=\"Object\" value=\"\" type=\"text\" name=\"text-45\" \/><\/span>\n    <\/div><!-- \/.form-one__control -->\n    <div class=\"form-one__control\">\n        <span class=\"wpcf7-form-control-wrap\" data-name=\"tel-58\"><input size=\"40\" maxlength=\"400\" class=\"wpcf7-form-control wpcf7-tel wpcf7-validates-as-required wpcf7-text wpcf7-validates-as-tel\" aria-required=\"true\" aria-invalid=\"false\" placeholder=\"Phone (WhatsApp)\" value=\"\" type=\"tel\" name=\"tel-58\" \/><\/span>\n    <\/div>\n\n <div class=\"form-one__control\">\n        <span class=\"wpcf7-form-control-wrap\" data-name=\"text-46\"><input size=\"40\" maxlength=\"400\" class=\"wpcf7-form-control wpcf7-text wpcf7-validates-as-required\" aria-required=\"true\" aria-invalid=\"false\" placeholder=\"City\" value=\"\" type=\"text\" name=\"text-46\" \/><\/span>\n    <\/div><!-- \/.form-one__control -->\n    <div class=\"form-one__control\">\n        <span class=\"wpcf7-form-control-wrap\" data-name=\"text-47\"><input size=\"40\" maxlength=\"400\" class=\"wpcf7-form-control wpcf7-text wpcf7-validates-as-required\" aria-required=\"true\" aria-invalid=\"false\" placeholder=\"Country\" value=\"\" type=\"text\" name=\"text-47\" \/><\/span>\n    <\/div>\n\n<!-- \/.form-one__control -->   \n    <div class=\"form-one__control form-one__control--full\">\n        <span class=\"wpcf7-form-control-wrap\" data-name=\"textarea-406\"><textarea cols=\"40\" rows=\"10\" maxlength=\"2000\" class=\"wpcf7-form-control wpcf7-textarea wpcf7-validates-as-required\" aria-required=\"true\" aria-invalid=\"false\" placeholder=\"Message. . .\" name=\"textarea-406\"><\/textarea><\/span>\n    <\/div><!-- \/.form-one__control -->\n    <div class=\"form-one__control form-one__control--full\">\n        <button type=\"submit\" class=\"ienet-btn\"><span>Send<span class=\"ienet-btn__icon\"><i class=\"fas fa-chevron-right\"><\/i><\/span><\/span><\/button>\n    <\/div><!-- \/.form-one__control -->\n<\/div><input type='hidden' class='wpcf7-pum' value='{\"closepopup\":false,\"closedelay\":0,\"openpopup\":false,\"openpopup_id\":0}' \/><div class=\"wpcf7-response-output\" aria-hidden=\"true\"><\/div>\n<input type=\"hidden\" name=\"trp-form-language\" value=\"en\"\/><\/form>\n<\/div>\t\t\t\t\t<\/div>\r\n\t\t\t\t<\/div><!-- \/.col-lg-8 -->\r\n\t\t\t\t<div class=\"col-lg-4 wow fadeInUp\" data-wow-duration=\"1500ms\" data-wow-delay=\"200ms\">\r\n\t\t\t\t\t<div class=\"contact-one__right\">\r\n\t\t\t\t\t\t<div class=\"contact-one__right__bg\" style=\"background-image: url(https:\/\/www.ntvlive.net\/wp-content\/uploads\/2026\/01\/2149145095.jpg);\"><\/div>\r\n\t\t\t\t\t\t<div class=\"contact-one__right__info\">\r\n\t\t\t\t\t\t\t<img decoding=\"async\" src=\"https:\/\/ntvlive.net\/wp-content\/uploads\/2025\/04\/service-contact-bg-1_lwsoptimized.webp\" alt=\"\" >\t\t\t\t\t\t\t<p class=\"contact-one__right__text\">Pharmacie du stade, Omnisport, Yaound\u00e9, Cameroon<\/p>\r\n\t\t\t\t\t\t\t<div class=\"contact-one__right__social\">\r\n\t\t\t\t\t\t\t\t\t\t\t\t\t\t\t<a href=\"https:\/\/www.facebook.com\/share\/14Yjk7MEyti\" target=\"_blank\">\r\n\t\t\t\t\t\t\t\t\t<i aria-hidden=\"true\" class=\"fab fa-facebook-f\"><\/i>\t\t\t\t\t\t\t\t<\/a>\r\n\t\t\t\t\t\t\t\t\t\t\t\t\t\t\t<a href=\"https:\/\/www.twitter.com\/\"  >\r\n\t\t\t\t\t\t\t\t\t<i aria-hidden=\"true\" class=\"fab fa-twitter\"><\/i>\t\t\t\t\t\t\t\t<\/a>\r\n\t\t\t\t\t\t\t\t\t\t\t\t\t\t\t<a href=\"https:\/\/www.instagram.com\/\"  >\r\n\t\t\t\t\t\t\t\t\t<i aria-hidden=\"true\" class=\"fab fa-instagram\"><\/i>\t\t\t\t\t\t\t\t<\/a>\r\n\t\t\t\t\t\t\t\t\t\t\t\t\t\t\t<a href=\"https:\/\/www.youtube.com\/\"  >\r\n\t\t\t\t\t\t\t\t\t<i aria-hidden=\"true\" class=\"fab fa-youtube\"><\/i>\t\t\t\t\t\t\t\t<\/a>\r\n\t\t\t\t\t\t\t\t\t\t\t\t\t\t<\/div>\r\n\t\t\t\t\t\t<\/div>\r\n\t\t\t\t\t<\/div>\r\n\t\t\t\t<\/div><!-- \/.col-lg-4 -->\r\n\t\t\t<\/div><!-- \/.row -->\r\n\t\t<\/div><!-- \/.container -->\r\n\t<\/section>\r\n\t\t\t\t<\/div>\n\t\t\t\t<\/div>\n\t\t\t\t<\/div>\n\t\t<div class=\"elementor-element elementor-element-2baac06 e-con-full e-flex e-con e-parent\" data-id=\"2baac06\" data-element_type=\"container\" data-e-type=\"container\">\n\t\t\t\t<div class=\"elementor-element elementor-element-2f7dc8f elementor-widget elementor-widget-ienet-google-maps\" data-id=\"2f7dc8f\" data-element_type=\"widget\" data-e-type=\"widget\" data-widget_type=\"ienet-google-maps.default\">\n\t\t\t\t<div class=\"elementor-widget-container\">\n\t\t\t\t\t\t\t<section class=\"google-map\">\r\n\t\t<div class=\"google-map google-map__@@extraClassName\">\r\n\t\t\t<iframe src=\"https:\/\/maps.google.com\/maps?q=Pharmacie%20du%20stade%2C%20Omnisport%2C%20Yaound%C3%A9%2C%20Cameroun&#038;t=m&#038;z=12&#038;output=embed&#038;iwloc=near\" title=\"Pharmacie du stade, Omnisport, Yaound\u00e9, Cameroon\" class=\"template google map\" aria-label=\"Pharmacie du stade, Omnisport, Yaound\u00e9, Cameroon\" allowfullscreen><\/iframe>\r\n\t\t<\/div>\r\n\t\t<!-- \/.google-map -->\r\n\t<\/section><!-- \/.contact-map -->\r\n\t\t\t\t<\/div>\n\t\t\t\t<\/div>\n\t\t\t\t<\/div>\n\t\t\t\t<\/div>","protected":false},"excerpt":{"rendered":"<p>Email info@ntvlive.net Contact Direct +237 653 696 993 Localisation Pharmacie du Stade, Omnisport, Yaound\u00e9, Cameroun Restons connect\u00e9s Contactez nous ici Envoyer Pharmacie du stade, Omnisport, Yaound\u00e9, Cameroun<\/p>","protected":false},"author":1,"featured_media":921,"parent":0,"menu_order":0,"comment_status":"closed","ping_status":"closed","template":"elementor_header_footer","meta":{"_analytify_skip_tracking":false,"footnotes":""},"class_list":["post-90","page","type-page","status-publish","has-post-thumbnail","hentry"],"yoast_head":"<!-- This site is optimized with the Yoast SEO Premium plugin v26.7 (Yoast SEO v26.8) - https:\/\/yoast.com\/product\/yoast-seo-premium-wordpress\/ -->\n<title>Contact NTV \u2013 T\u00e9l\u00e9phone, WhatsApp &amp; Adresse \u00e0 Yaound\u00e9<\/title>\n<meta name=\"description\" content=\"Contactez NTv (N\u00e9otempra Television) : Pharmacie du Stade, Omnisport, Yaound\u00e9 (Cameroun). Appels\/WhatsApp : +237 653 696 993. Email : info@ntvlive.net\" \/>\n<meta name=\"robots\" content=\"index, follow, max-snippet:-1, max-image-preview:large, max-video-preview:-1\" \/>\n<link rel=\"canonical\" href=\"https:\/\/ntvlive.net\/en\/contact\/\" \/>\n<meta property=\"og:locale\" content=\"en_US\" \/>\n<meta property=\"og:type\" content=\"article\" \/>\n<meta property=\"og:title\" content=\"Contact NTv \u2013 T\u00e9l\u00e9phone, WhatsApp &amp; Adresse \u00e0 Yaound\u00e9\" \/>\n<meta property=\"og:description\" content=\"Besoin de contacter NTv ? T\u00e9l\u00e9phone\/WhatsApp : +237 653 696 993 \u2013 Email : info@ntvlive.net \u2013 Omnisport, Yaound\u00e9.\" \/>\n<meta property=\"og:url\" content=\"https:\/\/ntvlive.net\/en\/contact\/\" \/>\n<meta property=\"og:site_name\" content=\"NTV\" \/>\n<meta property=\"article:modified_time\" content=\"2026-02-01T10:27:50+00:00\" \/>\n<meta property=\"og:image\" content=\"https:\/\/ntvlive.net\/wp-content\/uploads\/2025\/04\/service-contact-bg-1_lwsoptimized.webp\" \/>\n\t<meta property=\"og:image:width\" content=\"370\" \/>\n\t<meta property=\"og:image:height\" content=\"331\" \/>\n\t<meta property=\"og:image:type\" content=\"image\/webp\" \/>\n<meta name=\"twitter:card\" content=\"summary_large_image\" \/>\n<meta name=\"twitter:title\" content=\"Contact NTv \u2013 T\u00e9l\u00e9phone, WhatsApp &amp; Adresse \u00e0 Yaound\u00e9\" \/>\n<meta name=\"twitter:description\" content=\"Besoin de contacter NTv ? T\u00e9l\u00e9phone\/WhatsApp : +237 653 696 993 \u2013 Email : info@ntvlive.net \u2013 Omnisport, Yaound\u00e9.\" \/>\n<meta name=\"twitter:label1\" content=\"Est. reading time\" \/>\n\t<meta name=\"twitter:data1\" content=\"1 minute\" \/>\n<script type=\"application\/ld+json\" class=\"yoast-schema-graph\">{\"@context\":\"https:\/\/schema.org\",\"@graph\":[{\"@type\":\"WebPage\",\"@id\":\"https:\/\/ntvlive.net\/contact\/\",\"url\":\"https:\/\/ntvlive.net\/contact\/\",\"name\":\"Contact NTV \u2013 T\u00e9l\u00e9phone, WhatsApp & Adresse \u00e0 Yaound\u00e9\",\"isPartOf\":{\"@id\":\"https:\/\/ntvlive.net\/#website\"},\"primaryImageOfPage\":{\"@id\":\"https:\/\/ntvlive.net\/contact\/#primaryimage\"},\"image\":{\"@id\":\"https:\/\/ntvlive.net\/contact\/#primaryimage\"},\"thumbnailUrl\":\"https:\/\/ntvlive.net\/wp-content\/uploads\/2024\/08\/service-d-4_lwsoptimized.webp\",\"datePublished\":\"2024-08-08T05:06:05+00:00\",\"dateModified\":\"2026-02-01T10:27:50+00:00\",\"description\":\"Contactez NTv (N\u00e9otempra Television) : Pharmacie du Stade, Omnisport, Yaound\u00e9 (Cameroun). Appels\/WhatsApp : +237 653 696 993. Email : info@ntvlive.net\",\"breadcrumb\":{\"@id\":\"https:\/\/ntvlive.net\/contact\/#breadcrumb\"},\"inLanguage\":\"en-US\",\"potentialAction\":[{\"@type\":\"ReadAction\",\"target\":[\"https:\/\/ntvlive.net\/contact\/\"]}]},{\"@type\":\"ImageObject\",\"inLanguage\":\"en-US\",\"@id\":\"https:\/\/ntvlive.net\/contact\/#primaryimage\",\"url\":\"https:\/\/ntvlive.net\/wp-content\/uploads\/2024\/08\/service-d-4_lwsoptimized.webp\",\"contentUrl\":\"https:\/\/ntvlive.net\/wp-content\/uploads\/2024\/08\/service-d-4_lwsoptimized.webp\",\"width\":770,\"height\":350},{\"@type\":\"BreadcrumbList\",\"@id\":\"https:\/\/ntvlive.net\/contact\/#breadcrumb\",\"itemListElement\":[{\"@type\":\"ListItem\",\"position\":1,\"name\":\"Accueil\",\"item\":\"https:\/\/ntvlive.net\/\"},{\"@type\":\"ListItem\",\"position\":2,\"name\":\"Contact\"}]},{\"@type\":\"WebSite\",\"@id\":\"https:\/\/ntvlive.net\/#website\",\"url\":\"https:\/\/ntvlive.net\/\",\"name\":\"NTV\",\"description\":\"La Voix des Camerounais d\u2019ici et d&#039;ailleurs\",\"publisher\":{\"@id\":\"https:\/\/ntvlive.net\/#organization\"},\"potentialAction\":[{\"@type\":\"SearchAction\",\"target\":{\"@type\":\"EntryPoint\",\"urlTemplate\":\"https:\/\/ntvlive.net\/?s={search_term_string}\"},\"query-input\":{\"@type\":\"PropertyValueSpecification\",\"valueRequired\":true,\"valueName\":\"search_term_string\"}}],\"inLanguage\":\"en-US\"},{\"@type\":\"Organization\",\"@id\":\"https:\/\/ntvlive.net\/#organization\",\"name\":\"NTV\",\"url\":\"https:\/\/ntvlive.net\/\",\"logo\":{\"@type\":\"ImageObject\",\"inLanguage\":\"en-US\",\"@id\":\"https:\/\/ntvlive.net\/#\/schema\/logo\/image\/\",\"url\":\"https:\/\/ntvlive.net\/wp-content\/uploads\/2026\/01\/cropped-Logo-NTV-3_Plan-de-travail-1-copie-2.avif\",\"contentUrl\":\"https:\/\/ntvlive.net\/wp-content\/uploads\/2026\/01\/cropped-Logo-NTV-3_Plan-de-travail-1-copie-2.avif\",\"width\":1920,\"height\":584,\"caption\":\"NTV\"},\"image\":{\"@id\":\"https:\/\/ntvlive.net\/#\/schema\/logo\/image\/\"}}]}<\/script>\n<!-- \/ Yoast SEO Premium plugin. -->","yoast_head_json":{"title":"Contact NTV - Phone, WhatsApp &amp; Address in Yaound\u00e9","description":"Contact NTv (N\u00e9otempra Television): Pharmacie du Stade, Omnisport, Yaound\u00e9 (Cameroon). Calls\/WhatsApp: +237 653 696 993. Email: info@ntvlive.net","robots":{"index":"index","follow":"follow","max-snippet":"max-snippet:-1","max-image-preview":"max-image-preview:large","max-video-preview":"max-video-preview:-1"},"canonical":"https:\/\/ntvlive.net\/en\/contact\/","og_locale":"en_US","og_type":"article","og_title":"Contact NTv \u2013 T\u00e9l\u00e9phone, WhatsApp & Adresse \u00e0 Yaound\u00e9","og_description":"Besoin de contacter NTv ? T\u00e9l\u00e9phone\/WhatsApp : +237 653 696 993 \u2013 Email : info@ntvlive.net \u2013 Omnisport, Yaound\u00e9.","og_url":"https:\/\/ntvlive.net\/en\/contact\/","og_site_name":"NTV","article_modified_time":"2026-02-01T10:27:50+00:00","og_image":[{"width":370,"height":331,"url":"https:\/\/ntvlive.net\/wp-content\/uploads\/2025\/04\/service-contact-bg-1_lwsoptimized.webp","type":"image\/webp"}],"twitter_card":"summary_large_image","twitter_title":"Contact NTv \u2013 T\u00e9l\u00e9phone, WhatsApp & Adresse \u00e0 Yaound\u00e9","twitter_description":"Besoin de contacter NTv ? T\u00e9l\u00e9phone\/WhatsApp : +237 653 696 993 \u2013 Email : info@ntvlive.net \u2013 Omnisport, Yaound\u00e9.","twitter_misc":{"Est. reading time":"1 minute"},"schema":{"@context":"https:\/\/schema.org","@graph":[{"@type":"WebPage","@id":"https:\/\/ntvlive.net\/contact\/","url":"https:\/\/ntvlive.net\/contact\/","name":"Contact NTV - Phone, WhatsApp &amp; Address in Yaound\u00e9","isPartOf":{"@id":"https:\/\/ntvlive.net\/#website"},"primaryImageOfPage":{"@id":"https:\/\/ntvlive.net\/contact\/#primaryimage"},"image":{"@id":"https:\/\/ntvlive.net\/contact\/#primaryimage"},"thumbnailUrl":"https:\/\/ntvlive.net\/wp-content\/uploads\/2024\/08\/service-d-4_lwsoptimized.webp","datePublished":"2024-08-08T05:06:05+00:00","dateModified":"2026-02-01T10:27:50+00:00","description":"Contact NTv (N\u00e9otempra Television): Pharmacie du Stade, Omnisport, Yaound\u00e9 (Cameroon). Calls\/WhatsApp: +237 653 696 993. Email: info@ntvlive.net","breadcrumb":{"@id":"https:\/\/ntvlive.net\/contact\/#breadcrumb"},"inLanguage":"en-US","potentialAction":[{"@type":"ReadAction","target":["https:\/\/ntvlive.net\/contact\/"]}]},{"@type":"ImageObject","inLanguage":"en-US","@id":"https:\/\/ntvlive.net\/contact\/#primaryimage","url":"https:\/\/ntvlive.net\/wp-content\/uploads\/2024\/08\/service-d-4_lwsoptimized.webp","contentUrl":"https:\/\/ntvlive.net\/wp-content\/uploads\/2024\/08\/service-d-4_lwsoptimized.webp","width":770,"height":350},{"@type":"BreadcrumbList","@id":"https:\/\/ntvlive.net\/contact\/#breadcrumb","itemListElement":[{"@type":"ListItem","position":1,"name":"Accueil","item":"https:\/\/ntvlive.net\/"},{"@type":"ListItem","position":2,"name":"Contact"}]},{"@type":"WebSite","@id":"https:\/\/ntvlive.net\/#website","url":"https:\/\/ntvlive.net\/","name":"NTV","description":"The Voice of Cameroonians from near and far","publisher":{"@id":"https:\/\/ntvlive.net\/#organization"},"potentialAction":[{"@type":"SearchAction","target":{"@type":"EntryPoint","urlTemplate":"https:\/\/ntvlive.net\/?s={search_term_string}"},"query-input":{"@type":"PropertyValueSpecification","valueRequired":true,"valueName":"search_term_string"}}],"inLanguage":"en-US"},{"@type":"Organization","@id":"https:\/\/ntvlive.net\/#organization","name":"NTV","url":"https:\/\/ntvlive.net\/","logo":{"@type":"ImageObject","inLanguage":"en-US","@id":"https:\/\/ntvlive.net\/#\/schema\/logo\/image\/","url":"https:\/\/ntvlive.net\/wp-content\/uploads\/2026\/01\/cropped-Logo-NTV-3_Plan-de-travail-1-copie-2.avif","contentUrl":"https:\/\/ntvlive.net\/wp-content\/uploads\/2026\/01\/cropped-Logo-NTV-3_Plan-de-travail-1-copie-2.avif","width":1920,"height":584,"caption":"NTV"},"image":{"@id":"https:\/\/ntvlive.net\/#\/schema\/logo\/image\/"}}]}},"_links":{"self":[{"href":"https:\/\/ntvlive.net\/en\/wp-json\/wp\/v2\/pages\/90","targetHints":{"allow":["GET"]}}],"collection":[{"href":"https:\/\/ntvlive.net\/en\/wp-json\/wp\/v2\/pages"}],"about":[{"href":"https:\/\/ntvlive.net\/en\/wp-json\/wp\/v2\/types\/page"}],"author":[{"embeddable":true,"href":"https:\/\/ntvlive.net\/en\/wp-json\/wp\/v2\/users\/1"}],"replies":[{"embeddable":true,"href":"https:\/\/ntvlive.net\/en\/wp-json\/wp\/v2\/comments?post=90"}],"version-history":[{"count":34,"href":"https:\/\/ntvlive.net\/en\/wp-json\/wp\/v2\/pages\/90\/revisions"}],"predecessor-version":[{"id":3640,"href":"https:\/\/ntvlive.net\/en\/wp-json\/wp\/v2\/pages\/90\/revisions\/3640"}],"wp:featuredmedia":[{"embeddable":true,"href":"https:\/\/ntvlive.net\/en\/wp-json\/wp\/v2\/media\/921"}],"wp:attachment":[{"href":"https:\/\/ntvlive.net\/en\/wp-json\/wp\/v2\/media?parent=90"}],"curies":[{"name":"wp","href":"https:\/\/api.w.org\/{rel}","templated":true}]}}